{"id":122,"date":"2023-04-05T11:46:22","date_gmt":"2023-04-05T11:46:22","guid":{"rendered":"http:\/\/baltic-center.com\/?page_id=122"},"modified":"2023-04-21T11:38:03","modified_gmt":"2023-04-21T11:38:03","slug":"o-nas","status":"publish","type":"page","link":"https:\/\/baltic-center.com\/de\/info\/o-nas\/","title":{"rendered":"\u00dcber uns"},"content":{"rendered":"<div data-elementor-type=\"wp-page\" data-elementor-id=\"122\" class=\"elementor elementor-122\" data-elementor-post-type=\"page\">\n\t\t\t\t\t\t<section class=\"ob-is-breaking-bad elementor-section elementor-top-section elementor-element elementor-element-55425b49 elementor-section-boxed elementor-section-height-default elementor-section-height-default\" data-id=\"55425b49\" data-element_type=\"section\" data-settings=\"{&quot;jet_parallax_layout_list&quot;:[],&quot;_ob_bbad_use_it&quot;:&quot;yes&quot;,&quot;_ob_bbad_sssic_use&quot;:&quot;no&quot;,&quot;_ob_glider_is_slider&quot;:&quot;no&quot;}\">\n\t\t\t\t\t\t<div class=\"elementor-container elementor-column-gap-default\">\n\t\t\t\t\t<div class=\"elementor-column elementor-col-33 elementor-top-column elementor-element elementor-element-2575f7c1\" data-id=\"2575f7c1\" data-element_type=\"column\" data-settings=\"{&quot;_ob_bbad_is_stalker&quot;:&quot;no&quot;,&quot;_ob_teleporter_use&quot;:false,&quot;_ob_column_hoveranimator&quot;:&quot;no&quot;,&quot;_ob_column_has_pseudo&quot;:&quot;no&quot;}\">\n\t\t\t<div class=\"elementor-widget-wrap\">\n\t\t\t\t\t\t\t<\/div>\n\t\t<\/div>\n\t\t\t\t<div class=\"elementor-column elementor-col-33 elementor-top-column elementor-element elementor-element-81be652\" data-id=\"81be652\" data-element_type=\"column\" data-settings=\"{&quot;_ob_bbad_is_stalker&quot;:&quot;no&quot;,&quot;_ob_teleporter_use&quot;:false,&quot;_ob_column_hoveranimator&quot;:&quot;no&quot;,&quot;_ob_column_has_pseudo&quot;:&quot;no&quot;}\">\n\t\t\t<div class=\"elementor-widget-wrap elementor-element-populated\">\n\t\t\t\t\t\t<div class=\"elementor-element elementor-element-2738f64e ob-harakiri-inherit ob-has-background-overlay elementor-widget elementor-widget-text-editor\" data-id=\"2738f64e\" data-element_type=\"widget\" data-settings=\"{&quot;_ob_use_harakiri&quot;:&quot;yes&quot;,&quot;_ob_harakiri_writing_mode&quot;:&quot;inherit&quot;,&quot;_ob_postman_use&quot;:&quot;no&quot;,&quot;_ob_perspektive_use&quot;:&quot;no&quot;,&quot;_ob_poopart_use&quot;:&quot;yes&quot;,&quot;_ob_shadough_use&quot;:&quot;no&quot;,&quot;_ob_allow_hoveranimator&quot;:&quot;no&quot;,&quot;_ob_widget_stalker_use&quot;:&quot;no&quot;}\" data-widget_type=\"text-editor.default\">\n\t\t\t\t<div class=\"elementor-widget-container\">\n\t\t\t\t\t\t\t\t\t<p class=\"translation-block\">Mit unseren freistehenden Bungalows bieten wir die M\u00f6glichkeit sich zur\u00fcckzuziehen, zu genie\u00dfen und zu entspannen, oder auch des Zusammenseins mit der Familie, mit Freunden, mit genau den Personen, die das Leben so viel kostbarer machen.<br>\nBei uns genie\u00dfen Sie Ihre Privatsph\u00e4re, k\u00f6nnen aber auch mit anderen G\u00e4sten in Kontakt kommen.<\/p>\n<p>Wir schaffen einen Raum, im Gr\u00fcnen der Natur, zum zur Ruhe kommen und zum Wohlf\u00fchlen. Zum Tr\u00e4umen und Genie\u00dfen. Sich treiben zu lassen \u2013 oder auch an der Ostseek\u00fcste aktiv zu sein.<\/p>\t\t\t\t\t\t\t\t<\/div>\n\t\t\t\t<\/div>\n\t\t\t\t\t<\/div>\n\t\t<\/div>\n\t\t\t\t<div class=\"elementor-column elementor-col-33 elementor-top-column elementor-element elementor-element-89381e5\" data-id=\"89381e5\" data-element_type=\"column\" data-settings=\"{&quot;_ob_bbad_is_stalker&quot;:&quot;no&quot;,&quot;_ob_teleporter_use&quot;:false,&quot;_ob_column_hoveranimator&quot;:&quot;no&quot;,&quot;_ob_column_has_pseudo&quot;:&quot;no&quot;}\">\n\t\t\t<div class=\"elementor-widget-wrap\">\n\t\t\t\t\t\t\t<\/div>\n\t\t<\/div>\n\t\t\t\t\t<\/div>\n\t\t<\/section>\n\t\t\t\t<\/div>","protected":false},"excerpt":{"rendered":"<p>Dzi\u0119ki naszym wolnostoj\u0105cym bungalowom oferujemy zar\u00f3wno mo\u017cliwo\u015b\u0107 przyjemnego odosobnienia i relaksu dla siebie, jak i wsp\u00f3lnego bycia z rodzin\u0105, przyjaci\u00f3\u0142mi, po prostu z tymi samymi lud\u017ami, kt\u00f3rzy sprawiaj\u0105, \u017ce \u017cycie jest o wiele bardziej warto\u015bciowe. U nas mo\u017cesz cieszy\u0107 si\u0119 swoj\u0105 prywatno\u015bci\u0105, ale tak\u017ce towarzysko sp\u0119dza\u0107 czas z innymi go\u015b\u0107mi. Oferujemy miejsce, w zieleni przyrody, [&hellip;]<\/p>","protected":false},"author":1,"featured_media":125,"parent":87,"menu_order":0,"comment_status":"closed","ping_status":"closed","template":"","meta":{"footnotes":""},"class_list":["post-122","page","type-page","status-publish","has-post-thumbnail","hentry"],"acf":[],"yoast_head":"<!-- This site is optimized with the Yoast SEO plugin v24.7 - https:\/\/yoast.com\/wordpress\/plugins\/seo\/ -->\n<title>O nas - Baltic Center Domki Sarbinowo<\/title>\n<meta name=\"robots\" content=\"index, follow, max-snippet:-1, max-image-preview:large, max-video-preview:-1\" \/>\n<link rel=\"canonical\" href=\"https:\/\/baltic-center.com\/de\/info\/o-nas\/\" \/>\n<meta property=\"og:locale\" content=\"de_DE\" \/>\n<meta property=\"og:type\" content=\"article\" \/>\n<meta property=\"og:title\" content=\"O nas - Baltic Center Domki Sarbinowo\" \/>\n<meta property=\"og:description\" content=\"Dzi\u0119ki naszym wolnostoj\u0105cym bungalowom oferujemy zar\u00f3wno mo\u017cliwo\u015b\u0107 przyjemnego odosobnienia i relaksu dla siebie, jak i wsp\u00f3lnego bycia z rodzin\u0105, przyjaci\u00f3\u0142mi, po prostu z tymi samymi lud\u017ami, kt\u00f3rzy sprawiaj\u0105, \u017ce \u017cycie jest o wiele bardziej warto\u015bciowe. U nas mo\u017cesz cieszy\u0107 si\u0119 swoj\u0105 prywatno\u015bci\u0105, ale tak\u017ce towarzysko sp\u0119dza\u0107 czas z innymi go\u015b\u0107mi. Oferujemy miejsce, w zieleni przyrody, [&hellip;]\" \/>\n<meta property=\"og:url\" content=\"https:\/\/baltic-center.com\/de\/info\/o-nas\/\" \/>\n<meta property=\"og:site_name\" content=\"Baltic Center Domki Sarbinowo\" \/>\n<meta property=\"article:modified_time\" content=\"2023-04-21T11:38:03+00:00\" \/>\n<meta property=\"og:image\" content=\"https:\/\/baltic-center.com\/wp-content\/uploads\/2023\/04\/O-NAS-scaled.jpg\" \/>\n\t<meta property=\"og:image:width\" content=\"2560\" \/>\n\t<meta property=\"og:image:height\" content=\"1706\" \/>\n\t<meta property=\"og:image:type\" content=\"image\/jpeg\" \/>\n<meta name=\"twitter:card\" content=\"summary_large_image\" \/>\n<meta name=\"twitter:label1\" content=\"Gesch\u00e4tzte Lesezeit\" \/>\n\t<meta name=\"twitter:data1\" content=\"1 Minute\" \/>\n<script type=\"application\/ld+json\" class=\"yoast-schema-graph\">{\"@context\":\"https:\/\/schema.org\",\"@graph\":[{\"@type\":\"WebPage\",\"@id\":\"https:\/\/baltic-center.com\/info\/o-nas\/\",\"url\":\"https:\/\/baltic-center.com\/info\/o-nas\/\",\"name\":\"O nas - Baltic Center Domki Sarbinowo\",\"isPartOf\":{\"@id\":\"https:\/\/baltic-center.com\/#website\"},\"primaryImageOfPage\":{\"@id\":\"https:\/\/baltic-center.com\/info\/o-nas\/#primaryimage\"},\"image\":{\"@id\":\"https:\/\/baltic-center.com\/info\/o-nas\/#primaryimage\"},\"thumbnailUrl\":\"https:\/\/baltic-center.com\/wp-content\/uploads\/2023\/04\/O-NAS-scaled.jpg\",\"datePublished\":\"2023-04-05T11:46:22+00:00\",\"dateModified\":\"2023-04-21T11:38:03+00:00\",\"breadcrumb\":{\"@id\":\"https:\/\/baltic-center.com\/info\/o-nas\/#breadcrumb\"},\"inLanguage\":\"de\",\"potentialAction\":[{\"@type\":\"ReadAction\",\"target\":[\"https:\/\/baltic-center.com\/info\/o-nas\/\"]}]},{\"@type\":\"ImageObject\",\"inLanguage\":\"de\",\"@id\":\"https:\/\/baltic-center.com\/info\/o-nas\/#primaryimage\",\"url\":\"https:\/\/baltic-center.com\/wp-content\/uploads\/2023\/04\/O-NAS-scaled.jpg\",\"contentUrl\":\"https:\/\/baltic-center.com\/wp-content\/uploads\/2023\/04\/O-NAS-scaled.jpg\",\"width\":2560,\"height\":1706,\"caption\":\"Baltic Center Sarbinowo - fot. STOLZ Photography Team\"},{\"@type\":\"BreadcrumbList\",\"@id\":\"https:\/\/baltic-center.com\/info\/o-nas\/#breadcrumb\",\"itemListElement\":[{\"@type\":\"ListItem\",\"position\":1,\"name\":\"Strona g\u0142\u00f3wna\",\"item\":\"https:\/\/baltic-center.com\/\"},{\"@type\":\"ListItem\",\"position\":2,\"name\":\"Info\",\"item\":\"https:\/\/baltic-center.com\/info\/\"},{\"@type\":\"ListItem\",\"position\":3,\"name\":\"O nas\"}]},{\"@type\":\"WebSite\",\"@id\":\"https:\/\/baltic-center.com\/#website\",\"url\":\"https:\/\/baltic-center.com\/\",\"name\":\"Baltic Center Domki Sarbinowo\",\"description\":\"Zapraszamy do naszych domk&oacute;w na pi\u0119knym wybrze\u017cu Morza Ba\u0142tyckiego w Sarbinowie\",\"potentialAction\":[{\"@type\":\"SearchAction\",\"target\":{\"@type\":\"EntryPoint\",\"urlTemplate\":\"https:\/\/baltic-center.com\/?s={search_term_string}\"},\"query-input\":{\"@type\":\"PropertyValueSpecification\",\"valueRequired\":true,\"valueName\":\"search_term_string\"}}],\"inLanguage\":\"de\"}]}<\/script>\n<!-- \/ Yoast SEO plugin. -->","yoast_head_json":{"title":"O nas - Baltic Center Domki Sarbinowo","robots":{"index":"index","follow":"follow","max-snippet":"max-snippet:-1","max-image-preview":"max-image-preview:large","max-video-preview":"max-video-preview:-1"},"canonical":"https:\/\/baltic-center.com\/de\/info\/o-nas\/","og_locale":"de_DE","og_type":"article","og_title":"O nas - Baltic Center Domki Sarbinowo","og_description":"Dzi\u0119ki naszym wolnostoj\u0105cym bungalowom oferujemy zar\u00f3wno mo\u017cliwo\u015b\u0107 przyjemnego odosobnienia i relaksu dla siebie, jak i wsp\u00f3lnego bycia z rodzin\u0105, przyjaci\u00f3\u0142mi, po prostu z tymi samymi lud\u017ami, kt\u00f3rzy sprawiaj\u0105, \u017ce \u017cycie jest o wiele bardziej warto\u015bciowe. U nas mo\u017cesz cieszy\u0107 si\u0119 swoj\u0105 prywatno\u015bci\u0105, ale tak\u017ce towarzysko sp\u0119dza\u0107 czas z innymi go\u015b\u0107mi. Oferujemy miejsce, w zieleni przyrody, [&hellip;]","og_url":"https:\/\/baltic-center.com\/de\/info\/o-nas\/","og_site_name":"Baltic Center Domki Sarbinowo","article_modified_time":"2023-04-21T11:38:03+00:00","og_image":[{"width":2560,"height":1706,"url":"https:\/\/baltic-center.com\/wp-content\/uploads\/2023\/04\/O-NAS-scaled.jpg","type":"image\/jpeg"}],"twitter_card":"summary_large_image","twitter_misc":{"Gesch\u00e4tzte Lesezeit":"1 Minute"},"schema":{"@context":"https:\/\/schema.org","@graph":[{"@type":"WebPage","@id":"https:\/\/baltic-center.com\/info\/o-nas\/","url":"https:\/\/baltic-center.com\/info\/o-nas\/","name":"O nas - Baltic Center Domki Sarbinowo","isPartOf":{"@id":"https:\/\/baltic-center.com\/#website"},"primaryImageOfPage":{"@id":"https:\/\/baltic-center.com\/info\/o-nas\/#primaryimage"},"image":{"@id":"https:\/\/baltic-center.com\/info\/o-nas\/#primaryimage"},"thumbnailUrl":"https:\/\/baltic-center.com\/wp-content\/uploads\/2023\/04\/O-NAS-scaled.jpg","datePublished":"2023-04-05T11:46:22+00:00","dateModified":"2023-04-21T11:38:03+00:00","breadcrumb":{"@id":"https:\/\/baltic-center.com\/info\/o-nas\/#breadcrumb"},"inLanguage":"de","potentialAction":[{"@type":"ReadAction","target":["https:\/\/baltic-center.com\/info\/o-nas\/"]}]},{"@type":"ImageObject","inLanguage":"de","@id":"https:\/\/baltic-center.com\/info\/o-nas\/#primaryimage","url":"https:\/\/baltic-center.com\/wp-content\/uploads\/2023\/04\/O-NAS-scaled.jpg","contentUrl":"https:\/\/baltic-center.com\/wp-content\/uploads\/2023\/04\/O-NAS-scaled.jpg","width":2560,"height":1706,"caption":"Baltic Center Sarbinowo - fot. STOLZ Photography Team"},{"@type":"BreadcrumbList","@id":"https:\/\/baltic-center.com\/info\/o-nas\/#breadcrumb","itemListElement":[{"@type":"ListItem","position":1,"name":"Strona g\u0142\u00f3wna","item":"https:\/\/baltic-center.com\/"},{"@type":"ListItem","position":2,"name":"Info","item":"https:\/\/baltic-center.com\/info\/"},{"@type":"ListItem","position":3,"name":"O nas"}]},{"@type":"WebSite","@id":"https:\/\/baltic-center.com\/#website","url":"https:\/\/baltic-center.com\/","name":"Baltic Center Domki Sarbinowo","description":"Zapraszamy do naszych domk&oacute;w na pi\u0119knym wybrze\u017cu Morza Ba\u0142tyckiego w Sarbinowie","potentialAction":[{"@type":"SearchAction","target":{"@type":"EntryPoint","urlTemplate":"https:\/\/baltic-center.com\/?s={search_term_string}"},"query-input":{"@type":"PropertyValueSpecification","valueRequired":true,"valueName":"search_term_string"}}],"inLanguage":"de"}]}},"_links":{"self":[{"href":"https:\/\/baltic-center.com\/de\/wp-json\/wp\/v2\/pages\/122","targetHints":{"allow":["GET"]}}],"collection":[{"href":"https:\/\/baltic-center.com\/de\/wp-json\/wp\/v2\/pages"}],"about":[{"href":"https:\/\/baltic-center.com\/de\/wp-json\/wp\/v2\/types\/page"}],"author":[{"embeddable":true,"href":"https:\/\/baltic-center.com\/de\/wp-json\/wp\/v2\/users\/1"}],"replies":[{"embeddable":true,"href":"https:\/\/baltic-center.com\/de\/wp-json\/wp\/v2\/comments?post=122"}],"version-history":[{"count":11,"href":"https:\/\/baltic-center.com\/de\/wp-json\/wp\/v2\/pages\/122\/revisions"}],"predecessor-version":[{"id":816,"href":"https:\/\/baltic-center.com\/de\/wp-json\/wp\/v2\/pages\/122\/revisions\/816"}],"up":[{"embeddable":true,"href":"https:\/\/baltic-center.com\/de\/wp-json\/wp\/v2\/pages\/87"}],"wp:featuredmedia":[{"embeddable":true,"href":"https:\/\/baltic-center.com\/de\/wp-json\/wp\/v2\/media\/125"}],"wp:attachment":[{"href":"https:\/\/baltic-center.com\/de\/wp-json\/wp\/v2\/media?parent=122"}],"curies":[{"name":"wp","href":"https:\/\/api.w.org\/{rel}","templated":true}]}}