{"id":126,"date":"2023-04-05T11:48:43","date_gmt":"2023-04-05T11:48:43","guid":{"rendered":"http:\/\/baltic-center.com\/?page_id=126"},"modified":"2023-04-21T11:38:42","modified_gmt":"2023-04-21T11:38:42","slug":"otoczenie-i-obiekt","status":"publish","type":"page","link":"https:\/\/baltic-center.com\/de\/info\/otoczenie-i-obiekt\/","title":{"rendered":"Umgebung &amp; Anlage"},"content":{"rendered":"<div data-elementor-type=\"wp-page\" data-elementor-id=\"126\" class=\"elementor elementor-126\" data-elementor-post-type=\"page\">\n\t\t\t\t\t\t<section class=\"ob-is-breaking-bad elementor-section elementor-top-section elementor-element elementor-element-23c99a1e elementor-section-boxed elementor-section-height-default elementor-section-height-default\" data-id=\"23c99a1e\" data-element_type=\"section\" data-settings=\"{&quot;jet_parallax_layout_list&quot;:[],&quot;_ob_bbad_use_it&quot;:&quot;yes&quot;,&quot;_ob_bbad_sssic_use&quot;:&quot;no&quot;,&quot;_ob_glider_is_slider&quot;:&quot;no&quot;}\">\n\t\t\t\t\t\t<div class=\"elementor-container elementor-column-gap-default\">\n\t\t\t\t\t<div class=\"elementor-column elementor-col-33 elementor-top-column elementor-element elementor-element-2d5a3d8a\" data-id=\"2d5a3d8a\" data-element_type=\"column\" data-settings=\"{&quot;_ob_bbad_is_stalker&quot;:&quot;no&quot;,&quot;_ob_teleporter_use&quot;:false,&quot;_ob_column_hoveranimator&quot;:&quot;no&quot;,&quot;_ob_column_has_pseudo&quot;:&quot;no&quot;}\">\n\t\t\t<div class=\"elementor-widget-wrap\">\n\t\t\t\t\t\t\t<\/div>\n\t\t<\/div>\n\t\t\t\t<div class=\"elementor-column elementor-col-33 elementor-top-column elementor-element elementor-element-1fd70dc\" data-id=\"1fd70dc\" data-element_type=\"column\" data-settings=\"{&quot;_ob_bbad_is_stalker&quot;:&quot;no&quot;,&quot;_ob_teleporter_use&quot;:false,&quot;_ob_column_hoveranimator&quot;:&quot;no&quot;,&quot;_ob_column_has_pseudo&quot;:&quot;no&quot;}\">\n\t\t\t<div class=\"elementor-widget-wrap elementor-element-populated\">\n\t\t\t\t\t\t<div class=\"elementor-element elementor-element-6e148dc6 ob-harakiri-inherit ob-has-background-overlay elementor-widget elementor-widget-text-editor\" data-id=\"6e148dc6\" data-element_type=\"widget\" data-settings=\"{&quot;_ob_use_harakiri&quot;:&quot;yes&quot;,&quot;_ob_harakiri_writing_mode&quot;:&quot;inherit&quot;,&quot;_ob_postman_use&quot;:&quot;no&quot;,&quot;_ob_perspektive_use&quot;:&quot;no&quot;,&quot;_ob_poopart_use&quot;:&quot;yes&quot;,&quot;_ob_shadough_use&quot;:&quot;no&quot;,&quot;_ob_allow_hoveranimator&quot;:&quot;no&quot;,&quot;_ob_widget_stalker_use&quot;:&quot;no&quot;}\" data-widget_type=\"text-editor.default\">\n\t\t\t\t<div class=\"elementor-widget-container\">\n\t\t\t\t\t\t\t\t\t<p>Auf unserem 10 000 m2 gro\u00dfen Grundst\u00fcck bieten wir unseren G\u00e4sten 12 modern eingerichtete Bungalows mit Panorama Fenster, f\u00fcr 4 -7 Personen. <br>\nDas Grundst\u00fcck mit heimischen Pflanzenarten bietet viel Raum f\u00fcr Privatsph\u00e4re. Gelegen an einer Seitenstra\u00dfe nur 200 m vom Strand entfernt. Im Haupthaus finden Sie B\u00fccher Gesellschaftsspiele und einen Billardtisch.<\/p>\t\t\t\t\t\t\t\t<\/div>\n\t\t\t\t<\/div>\n\t\t\t\t\t<\/div>\n\t\t<\/div>\n\t\t\t\t<div class=\"elementor-column elementor-col-33 elementor-top-column elementor-element elementor-element-cb42c82\" data-id=\"cb42c82\" data-element_type=\"column\" data-settings=\"{&quot;_ob_bbad_is_stalker&quot;:&quot;no&quot;,&quot;_ob_teleporter_use&quot;:false,&quot;_ob_column_hoveranimator&quot;:&quot;no&quot;,&quot;_ob_column_has_pseudo&quot;:&quot;no&quot;}\">\n\t\t\t<div class=\"elementor-widget-wrap\">\n\t\t\t\t\t\t\t<\/div>\n\t\t<\/div>\n\t\t\t\t\t<\/div>\n\t\t<\/section>\n\t\t\t\t<section class=\"ob-is-breaking-bad elementor-section elementor-top-section elementor-element elementor-element-6e7f9ed elementor-section-boxed elementor-section-height-default elementor-section-height-default\" data-id=\"6e7f9ed\" data-element_type=\"section\" data-settings=\"{&quot;jet_parallax_layout_list&quot;:[],&quot;_ob_bbad_use_it&quot;:&quot;yes&quot;,&quot;_ob_bbad_sssic_use&quot;:&quot;no&quot;,&quot;_ob_glider_is_slider&quot;:&quot;no&quot;}\">\n\t\t\t\t\t\t<div class=\"elementor-container elementor-column-gap-default\">\n\t\t\t\t\t<div class=\"elementor-column elementor-col-100 elementor-top-column elementor-element elementor-element-14d2116\" data-id=\"14d2116\" data-element_type=\"column\" data-settings=\"{&quot;_ob_bbad_is_stalker&quot;:&quot;no&quot;,&quot;_ob_teleporter_use&quot;:false,&quot;_ob_column_hoveranimator&quot;:&quot;no&quot;,&quot;_ob_column_has_pseudo&quot;:&quot;no&quot;}\">\n\t\t\t<div class=\"elementor-widget-wrap elementor-element-populated\">\n\t\t\t\t\t\t<div class=\"elementor-element elementor-element-67514d8 ob-has-background-overlay elementor-widget elementor-widget-accordion\" data-id=\"67514d8\" data-element_type=\"widget\" data-settings=\"{&quot;_ob_perspektive_use&quot;:&quot;no&quot;,&quot;_ob_poopart_use&quot;:&quot;yes&quot;,&quot;_ob_shadough_use&quot;:&quot;no&quot;,&quot;_ob_allow_hoveranimator&quot;:&quot;no&quot;,&quot;_ob_widget_stalker_use&quot;:&quot;no&quot;}\" data-widget_type=\"accordion.default\">\n\t\t\t\t<div class=\"elementor-widget-container\">\n\t\t\t\t\t\t\t<div class=\"elementor-accordion\">\n\t\t\t\t\t\t\t<div class=\"elementor-accordion-item\">\n\t\t\t\t\t<div id=\"elementor-tab-title-1081\" class=\"elementor-tab-title\" data-tab=\"1\" role=\"button\" aria-controls=\"elementor-tab-content-1081\" aria-expanded=\"false\">\n\t\t\t\t\t\t\t\t\t\t\t\t\t<span class=\"elementor-accordion-icon elementor-accordion-icon-left\" aria-hidden=\"true\">\n\t\t\t\t\t\t\t\t\t\t\t\t\t\t\t<span class=\"elementor-accordion-icon-closed\"><i class=\"fas fa-plus\"><\/i><\/span>\n\t\t\t\t\t\t\t\t<span class=\"elementor-accordion-icon-opened\"><i class=\"fas fa-minus\"><\/i><\/span>\n\t\t\t\t\t\t\t\t\t\t\t\t\t\t<\/span>\n\t\t\t\t\t\t\t\t\t\t\t\t<a class=\"elementor-accordion-title\" tabindex=\"0\">Strand<\/a>\n\t\t\t\t\t<\/div>\n\t\t\t\t\t<div id=\"elementor-tab-content-1081\" class=\"elementor-tab-content elementor-clearfix\" data-tab=\"1\" role=\"region\" aria-labelledby=\"elementor-tab-title-1081\"><p>Den feinen Sandstrand erreicht man nach wenigen Metern, \u00fcber die beiden Strandzug\u00e4nge.<\/p><p>Der Strand in westlicher Richtung wird etwas ruhiger und ist Ideal f\u00fcr romantische Momente zum Sonnenuntergang.<\/p><p>Die lebhafte Promenade von Sarbinowo l\u00e4dt immer auf einen Spaziergang und Leckereien ein.<\/p><\/div>\n\t\t\t\t<\/div>\n\t\t\t\t\t\t\t<div class=\"elementor-accordion-item\">\n\t\t\t\t\t<div id=\"elementor-tab-title-1082\" class=\"elementor-tab-title\" data-tab=\"2\" role=\"button\" aria-controls=\"elementor-tab-content-1082\" aria-expanded=\"false\">\n\t\t\t\t\t\t\t\t\t\t\t\t\t<span class=\"elementor-accordion-icon elementor-accordion-icon-left\" aria-hidden=\"true\">\n\t\t\t\t\t\t\t\t\t\t\t\t\t\t\t<span class=\"elementor-accordion-icon-closed\"><i class=\"fas fa-plus\"><\/i><\/span>\n\t\t\t\t\t\t\t\t<span class=\"elementor-accordion-icon-opened\"><i class=\"fas fa-minus\"><\/i><\/span>\n\t\t\t\t\t\t\t\t\t\t\t\t\t\t<\/span>\n\t\t\t\t\t\t\t\t\t\t\t\t<a class=\"elementor-accordion-title\" tabindex=\"0\">Sarbinowo<\/a>\n\t\t\t\t\t<\/div>\n\t\t\t\t\t<div id=\"elementor-tab-content-1082\" class=\"elementor-tab-content elementor-clearfix\" data-tab=\"2\" role=\"region\" aria-labelledby=\"elementor-tab-title-1082\"><p>Die Ortschaft ist besonders in der Hauptsaison auch bei heimischen Touristen sehr beliebt. \n<br>Es gibt zahlreiche Caf\u00e9s, Restaurants, und kleine Imbisse sowie unz\u00e4hlige kleine Souvenir Shops. Einen Supermarkt und viele kleine Lebensmittel Gesch\u00e4fte so das man sich perfekt selber Verpflegen kann.<\/p><p>Im 20. Jahrhundert gewann der Fremdenverkehr allm\u00e4hlich an Bedeutung und das damalige S\u00f6renborn entwickelte sich zu einem kleinen Seebad. Den Badeg\u00e4sten standen au\u00dfer den Fremdenzimmern in Privath\u00e4usern zwei Gasth\u00e4user und zwei Pensionen zur Verf\u00fcgung. \n<br>Die Eltern von G\u00f6tz George besa\u00df hier ein D\u00fcnengrundst\u00fcck mit einem Wochenendhaus, \ndas Sie Feriendomizil nutzten.<\/p><\/div>\n\t\t\t\t<\/div>\n\t\t\t\t\t\t\t\t<\/div>\n\t\t\t\t\t\t<\/div>\n\t\t\t\t<\/div>\n\t\t\t\t\t<\/div>\n\t\t<\/div>\n\t\t\t\t\t<\/div>\n\t\t<\/section>\n\t\t\t\t<\/div>","protected":false},"excerpt":{"rendered":"<p>Na naszej posiad\u0142o\u015bci o powierzchni 10 000 m2 oferujemy naszym go\u015bciom 12 nowocze\u015bnie urz\u0105dzonych bungalow\u00f3w z panoramicznymi oknami dla 4 -7 os\u00f3b. Posiad\u0142o\u015b\u0107 z rodzimymi gatunkami ro\u015blin zapewnia doskona\u0142\u0105 przestrze\u0144 dla prywatno\u015bci. Kompleks po\u0142o\u017cony jest przy bocznej ulicy, zaledwie 200 m od pla\u017cy. W g\u0142\u00f3wnym domu znajd\u0105 Pa\u0144stwo ksi\u0105\u017cki, gry planszowe i st\u00f3\u0142 bilardowy. Pla\u017ca [&hellip;]<\/p>","protected":false},"author":1,"featured_media":64,"parent":87,"menu_order":0,"comment_status":"closed","ping_status":"closed","template":"","meta":{"footnotes":""},"class_list":["post-126","page","type-page","status-publish","has-post-thumbnail","hentry"],"acf":[],"yoast_head":"<!-- This site is optimized with the Yoast SEO plugin v24.7 - https:\/\/yoast.com\/wordpress\/plugins\/seo\/ -->\n<title>Otoczenie i obiekt - Baltic Center Domki Sarbinowo<\/title>\n<meta name=\"robots\" content=\"index, follow, max-snippet:-1, max-image-preview:large, max-video-preview:-1\" \/>\n<link rel=\"canonical\" href=\"https:\/\/baltic-center.com\/de\/info\/otoczenie-i-obiekt\/\" \/>\n<meta property=\"og:locale\" content=\"de_DE\" \/>\n<meta property=\"og:type\" content=\"article\" \/>\n<meta property=\"og:title\" content=\"Otoczenie i obiekt - Baltic Center Domki Sarbinowo\" \/>\n<meta property=\"og:description\" content=\"Na naszej posiad\u0142o\u015bci o powierzchni 10 000 m2 oferujemy naszym go\u015bciom 12 nowocze\u015bnie urz\u0105dzonych bungalow\u00f3w z panoramicznymi oknami dla 4 -7 os\u00f3b. Posiad\u0142o\u015b\u0107 z rodzimymi gatunkami ro\u015blin zapewnia doskona\u0142\u0105 przestrze\u0144 dla prywatno\u015bci. Kompleks po\u0142o\u017cony jest przy bocznej ulicy, zaledwie 200 m od pla\u017cy. W g\u0142\u00f3wnym domu znajd\u0105 Pa\u0144stwo ksi\u0105\u017cki, gry planszowe i st\u00f3\u0142 bilardowy. Pla\u017ca [&hellip;]\" \/>\n<meta property=\"og:url\" content=\"https:\/\/baltic-center.com\/de\/info\/otoczenie-i-obiekt\/\" \/>\n<meta property=\"og:site_name\" content=\"Baltic Center Domki Sarbinowo\" \/>\n<meta property=\"article:modified_time\" content=\"2023-04-21T11:38:42+00:00\" \/>\n<meta property=\"og:image\" content=\"https:\/\/baltic-center.com\/wp-content\/uploads\/2023\/03\/OTOCZENIE-OBIEKT.jpg\" \/>\n\t<meta property=\"og:image:width\" content=\"2000\" \/>\n\t<meta property=\"og:image:height\" content=\"1332\" \/>\n\t<meta property=\"og:image:type\" content=\"image\/jpeg\" \/>\n<meta name=\"twitter:card\" content=\"summary_large_image\" \/>\n<meta name=\"twitter:label1\" content=\"Gesch\u00e4tzte Lesezeit\" \/>\n\t<meta name=\"twitter:data1\" content=\"2 Minuten\" \/>\n<script type=\"application\/ld+json\" class=\"yoast-schema-graph\">{\"@context\":\"https:\/\/schema.org\",\"@graph\":[{\"@type\":\"WebPage\",\"@id\":\"https:\/\/baltic-center.com\/info\/otoczenie-i-obiekt\/\",\"url\":\"https:\/\/baltic-center.com\/info\/otoczenie-i-obiekt\/\",\"name\":\"Otoczenie i obiekt - Baltic Center Domki Sarbinowo\",\"isPartOf\":{\"@id\":\"https:\/\/baltic-center.com\/#website\"},\"primaryImageOfPage\":{\"@id\":\"https:\/\/baltic-center.com\/info\/otoczenie-i-obiekt\/#primaryimage\"},\"image\":{\"@id\":\"https:\/\/baltic-center.com\/info\/otoczenie-i-obiekt\/#primaryimage\"},\"thumbnailUrl\":\"https:\/\/baltic-center.com\/wp-content\/uploads\/2023\/03\/OTOCZENIE-OBIEKT.jpg\",\"datePublished\":\"2023-04-05T11:48:43+00:00\",\"dateModified\":\"2023-04-21T11:38:42+00:00\",\"breadcrumb\":{\"@id\":\"https:\/\/baltic-center.com\/info\/otoczenie-i-obiekt\/#breadcrumb\"},\"inLanguage\":\"de\",\"potentialAction\":[{\"@type\":\"ReadAction\",\"target\":[\"https:\/\/baltic-center.com\/info\/otoczenie-i-obiekt\/\"]}]},{\"@type\":\"ImageObject\",\"inLanguage\":\"de\",\"@id\":\"https:\/\/baltic-center.com\/info\/otoczenie-i-obiekt\/#primaryimage\",\"url\":\"https:\/\/baltic-center.com\/wp-content\/uploads\/2023\/03\/OTOCZENIE-OBIEKT.jpg\",\"contentUrl\":\"https:\/\/baltic-center.com\/wp-content\/uploads\/2023\/03\/OTOCZENIE-OBIEKT.jpg\",\"width\":2000,\"height\":1332,\"caption\":\"Baltic Center Sarbinowo - fot. STOLZ Photography Team\"},{\"@type\":\"BreadcrumbList\",\"@id\":\"https:\/\/baltic-center.com\/info\/otoczenie-i-obiekt\/#breadcrumb\",\"itemListElement\":[{\"@type\":\"ListItem\",\"position\":1,\"name\":\"Strona g\u0142\u00f3wna\",\"item\":\"https:\/\/baltic-center.com\/\"},{\"@type\":\"ListItem\",\"position\":2,\"name\":\"Info\",\"item\":\"https:\/\/baltic-center.com\/info\/\"},{\"@type\":\"ListItem\",\"position\":3,\"name\":\"Otoczenie i obiekt\"}]},{\"@type\":\"WebSite\",\"@id\":\"https:\/\/baltic-center.com\/#website\",\"url\":\"https:\/\/baltic-center.com\/\",\"name\":\"Baltic Center Domki Sarbinowo\",\"description\":\"Zapraszamy do naszych domk&oacute;w na pi\u0119knym wybrze\u017cu Morza Ba\u0142tyckiego w Sarbinowie\",\"potentialAction\":[{\"@type\":\"SearchAction\",\"target\":{\"@type\":\"EntryPoint\",\"urlTemplate\":\"https:\/\/baltic-center.com\/?s={search_term_string}\"},\"query-input\":{\"@type\":\"PropertyValueSpecification\",\"valueRequired\":true,\"valueName\":\"search_term_string\"}}],\"inLanguage\":\"de\"}]}<\/script>\n<!-- \/ Yoast SEO plugin. -->","yoast_head_json":{"title":"Otoczenie i obiekt - Baltic Center Domki Sarbinowo","robots":{"index":"index","follow":"follow","max-snippet":"max-snippet:-1","max-image-preview":"max-image-preview:large","max-video-preview":"max-video-preview:-1"},"canonical":"https:\/\/baltic-center.com\/de\/info\/otoczenie-i-obiekt\/","og_locale":"de_DE","og_type":"article","og_title":"Otoczenie i obiekt - Baltic Center Domki Sarbinowo","og_description":"Na naszej posiad\u0142o\u015bci o powierzchni 10 000 m2 oferujemy naszym go\u015bciom 12 nowocze\u015bnie urz\u0105dzonych bungalow\u00f3w z panoramicznymi oknami dla 4 -7 os\u00f3b. Posiad\u0142o\u015b\u0107 z rodzimymi gatunkami ro\u015blin zapewnia doskona\u0142\u0105 przestrze\u0144 dla prywatno\u015bci. Kompleks po\u0142o\u017cony jest przy bocznej ulicy, zaledwie 200 m od pla\u017cy. W g\u0142\u00f3wnym domu znajd\u0105 Pa\u0144stwo ksi\u0105\u017cki, gry planszowe i st\u00f3\u0142 bilardowy. Pla\u017ca [&hellip;]","og_url":"https:\/\/baltic-center.com\/de\/info\/otoczenie-i-obiekt\/","og_site_name":"Baltic Center Domki Sarbinowo","article_modified_time":"2023-04-21T11:38:42+00:00","og_image":[{"width":2000,"height":1332,"url":"https:\/\/baltic-center.com\/wp-content\/uploads\/2023\/03\/OTOCZENIE-OBIEKT.jpg","type":"image\/jpeg"}],"twitter_card":"summary_large_image","twitter_misc":{"Gesch\u00e4tzte Lesezeit":"2 Minuten"},"schema":{"@context":"https:\/\/schema.org","@graph":[{"@type":"WebPage","@id":"https:\/\/baltic-center.com\/info\/otoczenie-i-obiekt\/","url":"https:\/\/baltic-center.com\/info\/otoczenie-i-obiekt\/","name":"Otoczenie i obiekt - Baltic Center Domki Sarbinowo","isPartOf":{"@id":"https:\/\/baltic-center.com\/#website"},"primaryImageOfPage":{"@id":"https:\/\/baltic-center.com\/info\/otoczenie-i-obiekt\/#primaryimage"},"image":{"@id":"https:\/\/baltic-center.com\/info\/otoczenie-i-obiekt\/#primaryimage"},"thumbnailUrl":"https:\/\/baltic-center.com\/wp-content\/uploads\/2023\/03\/OTOCZENIE-OBIEKT.jpg","datePublished":"2023-04-05T11:48:43+00:00","dateModified":"2023-04-21T11:38:42+00:00","breadcrumb":{"@id":"https:\/\/baltic-center.com\/info\/otoczenie-i-obiekt\/#breadcrumb"},"inLanguage":"de","potentialAction":[{"@type":"ReadAction","target":["https:\/\/baltic-center.com\/info\/otoczenie-i-obiekt\/"]}]},{"@type":"ImageObject","inLanguage":"de","@id":"https:\/\/baltic-center.com\/info\/otoczenie-i-obiekt\/#primaryimage","url":"https:\/\/baltic-center.com\/wp-content\/uploads\/2023\/03\/OTOCZENIE-OBIEKT.jpg","contentUrl":"https:\/\/baltic-center.com\/wp-content\/uploads\/2023\/03\/OTOCZENIE-OBIEKT.jpg","width":2000,"height":1332,"caption":"Baltic Center Sarbinowo - fot. STOLZ Photography Team"},{"@type":"BreadcrumbList","@id":"https:\/\/baltic-center.com\/info\/otoczenie-i-obiekt\/#breadcrumb","itemListElement":[{"@type":"ListItem","position":1,"name":"Strona g\u0142\u00f3wna","item":"https:\/\/baltic-center.com\/"},{"@type":"ListItem","position":2,"name":"Info","item":"https:\/\/baltic-center.com\/info\/"},{"@type":"ListItem","position":3,"name":"Otoczenie i obiekt"}]},{"@type":"WebSite","@id":"https:\/\/baltic-center.com\/#website","url":"https:\/\/baltic-center.com\/","name":"Baltic Center Domki Sarbinowo","description":"Zapraszamy do naszych domk&oacute;w na pi\u0119knym wybrze\u017cu Morza Ba\u0142tyckiego w Sarbinowie","potentialAction":[{"@type":"SearchAction","target":{"@type":"EntryPoint","urlTemplate":"https:\/\/baltic-center.com\/?s={search_term_string}"},"query-input":{"@type":"PropertyValueSpecification","valueRequired":true,"valueName":"search_term_string"}}],"inLanguage":"de"}]}},"_links":{"self":[{"href":"https:\/\/baltic-center.com\/de\/wp-json\/wp\/v2\/pages\/126","targetHints":{"allow":["GET"]}}],"collection":[{"href":"https:\/\/baltic-center.com\/de\/wp-json\/wp\/v2\/pages"}],"about":[{"href":"https:\/\/baltic-center.com\/de\/wp-json\/wp\/v2\/types\/page"}],"author":[{"embeddable":true,"href":"https:\/\/baltic-center.com\/de\/wp-json\/wp\/v2\/users\/1"}],"replies":[{"embeddable":true,"href":"https:\/\/baltic-center.com\/de\/wp-json\/wp\/v2\/comments?post=126"}],"version-history":[{"count":19,"href":"https:\/\/baltic-center.com\/de\/wp-json\/wp\/v2\/pages\/126\/revisions"}],"predecessor-version":[{"id":819,"href":"https:\/\/baltic-center.com\/de\/wp-json\/wp\/v2\/pages\/126\/revisions\/819"}],"up":[{"embeddable":true,"href":"https:\/\/baltic-center.com\/de\/wp-json\/wp\/v2\/pages\/87"}],"wp:featuredmedia":[{"embeddable":true,"href":"https:\/\/baltic-center.com\/de\/wp-json\/wp\/v2\/media\/64"}],"wp:attachment":[{"href":"https:\/\/baltic-center.com\/de\/wp-json\/wp\/v2\/media?parent=126"}],"curies":[{"name":"wp","href":"https:\/\/api.w.org\/{rel}","templated":true}]}}