{"id":219,"date":"2023-04-05T13:02:24","date_gmt":"2023-04-05T13:02:24","guid":{"rendered":"http:\/\/baltic-center.com\/?page_id=219"},"modified":"2023-04-27T08:42:39","modified_gmt":"2023-04-27T08:42:39","slug":"bungalowy","status":"publish","type":"page","link":"https:\/\/baltic-center.com\/de\/noclegi\/bungalowy\/","title":{"rendered":"Bungalows"},"content":{"rendered":"<div data-elementor-type=\"wp-page\" data-elementor-id=\"219\" class=\"elementor elementor-219\" data-elementor-post-type=\"page\">\n\t\t\t\t\t\t<section class=\"ob-is-breaking-bad elementor-section elementor-top-section elementor-element elementor-element-42524a55 elementor-section-boxed elementor-section-height-default elementor-section-height-default\" data-id=\"42524a55\" data-element_type=\"section\" data-settings=\"{&quot;jet_parallax_layout_list&quot;:[],&quot;_ob_bbad_use_it&quot;:&quot;yes&quot;,&quot;_ob_bbad_sssic_use&quot;:&quot;no&quot;,&quot;_ob_glider_is_slider&quot;:&quot;no&quot;}\">\n\t\t\t\t\t\t<div class=\"elementor-container elementor-column-gap-default\">\n\t\t\t\t\t<div class=\"elementor-column elementor-col-33 elementor-top-column elementor-element elementor-element-c79635d\" data-id=\"c79635d\" data-element_type=\"column\" data-settings=\"{&quot;_ob_bbad_is_stalker&quot;:&quot;no&quot;,&quot;_ob_teleporter_use&quot;:false,&quot;_ob_column_hoveranimator&quot;:&quot;no&quot;,&quot;_ob_column_has_pseudo&quot;:&quot;no&quot;}\">\n\t\t\t<div class=\"elementor-widget-wrap\">\n\t\t\t\t\t\t\t<\/div>\n\t\t<\/div>\n\t\t\t\t<div class=\"elementor-column elementor-col-33 elementor-top-column elementor-element elementor-element-e4a07e2\" data-id=\"e4a07e2\" data-element_type=\"column\" data-settings=\"{&quot;_ob_bbad_is_stalker&quot;:&quot;no&quot;,&quot;_ob_teleporter_use&quot;:false,&quot;_ob_column_hoveranimator&quot;:&quot;no&quot;,&quot;_ob_column_has_pseudo&quot;:&quot;no&quot;}\">\n\t\t\t<div class=\"elementor-widget-wrap elementor-element-populated\">\n\t\t\t\t\t\t<div class=\"elementor-element elementor-element-7e3e9778 ob-harakiri-inherit ob-has-background-overlay elementor-widget elementor-widget-text-editor\" data-id=\"7e3e9778\" data-element_type=\"widget\" data-settings=\"{&quot;_ob_use_harakiri&quot;:&quot;yes&quot;,&quot;_ob_harakiri_writing_mode&quot;:&quot;inherit&quot;,&quot;_ob_postman_use&quot;:&quot;no&quot;,&quot;_ob_perspektive_use&quot;:&quot;no&quot;,&quot;_ob_poopart_use&quot;:&quot;yes&quot;,&quot;_ob_shadough_use&quot;:&quot;no&quot;,&quot;_ob_allow_hoveranimator&quot;:&quot;no&quot;,&quot;_ob_widget_stalker_use&quot;:&quot;no&quot;}\" data-widget_type=\"text-editor.default\">\n\t\t\t\t<div class=\"elementor-widget-container\">\n\t\t\t\t\t\t\t\t\t<p>Unsere Bungalows sind modern Eingerichtet, gut ausgestattet<br>perfekt f\u00fcr einen Urlaub mit der Familie oder Freunden.<br \/>Viel Tageslicht und moderne Atmosph\u00e4re in direkter Strand N\u00e4he.<\/p><p>Schaut doch mal welcher Bungalow f\u00fcr Euch der Richtige ist!<\/p>\t\t\t\t\t\t\t\t<\/div>\n\t\t\t\t<\/div>\n\t\t\t\t\t<\/div>\n\t\t<\/div>\n\t\t\t\t<div class=\"elementor-column elementor-col-33 elementor-top-column elementor-element elementor-element-663c9c7\" data-id=\"663c9c7\" data-element_type=\"column\" data-settings=\"{&quot;_ob_bbad_is_stalker&quot;:&quot;no&quot;,&quot;_ob_teleporter_use&quot;:false,&quot;_ob_column_hoveranimator&quot;:&quot;no&quot;,&quot;_ob_column_has_pseudo&quot;:&quot;no&quot;}\">\n\t\t\t<div class=\"elementor-widget-wrap\">\n\t\t\t\t\t\t\t<\/div>\n\t\t<\/div>\n\t\t\t\t\t<\/div>\n\t\t<\/section>\n\t\t\t\t<section class=\"ob-is-breaking-bad elementor-section elementor-top-section elementor-element elementor-element-dc62104 elementor-section-boxed elementor-section-height-default elementor-section-height-default\" data-id=\"dc62104\" data-element_type=\"section\" data-settings=\"{&quot;jet_parallax_layout_list&quot;:[],&quot;_ob_bbad_use_it&quot;:&quot;yes&quot;,&quot;_ob_bbad_sssic_use&quot;:&quot;no&quot;,&quot;_ob_glider_is_slider&quot;:&quot;no&quot;}\">\n\t\t\t\t\t\t<div class=\"elementor-container elementor-column-gap-default\">\n\t\t\t\t\t<div class=\"elementor-column elementor-col-50 elementor-top-column elementor-element elementor-element-0693937\" data-id=\"0693937\" data-element_type=\"column\" data-settings=\"{&quot;_ob_bbad_is_stalker&quot;:&quot;no&quot;,&quot;_ob_teleporter_use&quot;:false,&quot;_ob_column_hoveranimator&quot;:&quot;no&quot;,&quot;_ob_column_has_pseudo&quot;:&quot;no&quot;}\">\n\t\t\t<div class=\"elementor-widget-wrap elementor-element-populated\">\n\t\t\t\t\t\t<div class=\"elementor-element elementor-element-a93a020 underline-title link-hover elementor-position-top ob-has-background-overlay elementor-widget elementor-widget-image-box\" data-id=\"a93a020\" data-element_type=\"widget\" data-settings=\"{&quot;_ob_perspektive_use&quot;:&quot;no&quot;,&quot;_ob_poopart_use&quot;:&quot;yes&quot;,&quot;_ob_shadough_use&quot;:&quot;no&quot;,&quot;_ob_allow_hoveranimator&quot;:&quot;no&quot;,&quot;_ob_widget_stalker_use&quot;:&quot;no&quot;}\" data-widget_type=\"image-box.default\">\n\t\t\t\t<div class=\"elementor-widget-container\">\n\t\t\t\t\t<div class=\"elementor-image-box-wrapper\"><figure class=\"elementor-image-box-img\"><a href=\"\/de\/noclegi\/bungalowy\/bungalow-2-sypialnie\/\" tabindex=\"-1\"><img fetchpriority=\"high\" decoding=\"async\" width=\"2560\" height=\"1707\" src=\"https:\/\/baltic-center.com\/wp-content\/uploads\/2023\/04\/3-2-scaled.jpg\" class=\"attachment-full size-full wp-image-335\" alt=\"\" srcset=\"https:\/\/baltic-center.com\/wp-content\/uploads\/2023\/04\/3-2-scaled.jpg 2560w, https:\/\/baltic-center.com\/wp-content\/uploads\/2023\/04\/3-2-600x400.jpg 600w, https:\/\/baltic-center.com\/wp-content\/uploads\/2023\/04\/3-2-1200x800.jpg 1200w, https:\/\/baltic-center.com\/wp-content\/uploads\/2023\/04\/3-2-768x512.jpg 768w, https:\/\/baltic-center.com\/wp-content\/uploads\/2023\/04\/3-2-1536x1024.jpg 1536w, https:\/\/baltic-center.com\/wp-content\/uploads\/2023\/04\/3-2-2048x1365.jpg 2048w\" sizes=\"(max-width: 2560px) 100vw, 2560px\" \/><\/a><\/figure><div class=\"elementor-image-box-content\"><h5 class=\"elementor-image-box-title\"><a href=\"\/de\/noclegi\/bungalowy\/bungalow-2-sypialnie\/\">Bungalow (2 Schlafzimmer)<\/a><\/h5><p class=\"elementor-image-box-description\">bis zu 5 Personen<\/p><\/div><\/div>\t\t\t\t<\/div>\n\t\t\t\t<\/div>\n\t\t\t\t\t<\/div>\n\t\t<\/div>\n\t\t\t\t<div class=\"elementor-column elementor-col-50 elementor-top-column elementor-element elementor-element-60df5be\" data-id=\"60df5be\" data-element_type=\"column\" data-settings=\"{&quot;_ob_bbad_is_stalker&quot;:&quot;no&quot;,&quot;_ob_teleporter_use&quot;:false,&quot;_ob_column_hoveranimator&quot;:&quot;no&quot;,&quot;_ob_column_has_pseudo&quot;:&quot;no&quot;}\">\n\t\t\t<div class=\"elementor-widget-wrap elementor-element-populated\">\n\t\t\t\t\t\t<div class=\"elementor-element elementor-element-518476c underline-title link-hover elementor-position-top ob-has-background-overlay elementor-widget elementor-widget-image-box\" data-id=\"518476c\" data-element_type=\"widget\" data-settings=\"{&quot;_ob_perspektive_use&quot;:&quot;no&quot;,&quot;_ob_poopart_use&quot;:&quot;yes&quot;,&quot;_ob_shadough_use&quot;:&quot;no&quot;,&quot;_ob_allow_hoveranimator&quot;:&quot;no&quot;,&quot;_ob_widget_stalker_use&quot;:&quot;no&quot;}\" data-widget_type=\"image-box.default\">\n\t\t\t\t<div class=\"elementor-widget-container\">\n\t\t\t\t\t<div class=\"elementor-image-box-wrapper\"><figure class=\"elementor-image-box-img\"><a href=\"\/de\/noclegi\/bungalowy\/bungalow-3-sypialnie\/\" tabindex=\"-1\"><img decoding=\"async\" width=\"2560\" height=\"1707\" src=\"https:\/\/baltic-center.com\/wp-content\/uploads\/2023\/04\/1-2-scaled.jpg\" class=\"attachment-full size-full wp-image-234\" alt=\"\" srcset=\"https:\/\/baltic-center.com\/wp-content\/uploads\/2023\/04\/1-2-scaled.jpg 2560w, https:\/\/baltic-center.com\/wp-content\/uploads\/2023\/04\/1-2-600x400.jpg 600w, https:\/\/baltic-center.com\/wp-content\/uploads\/2023\/04\/1-2-1200x800.jpg 1200w, https:\/\/baltic-center.com\/wp-content\/uploads\/2023\/04\/1-2-768x512.jpg 768w, https:\/\/baltic-center.com\/wp-content\/uploads\/2023\/04\/1-2-1536x1024.jpg 1536w, https:\/\/baltic-center.com\/wp-content\/uploads\/2023\/04\/1-2-2048x1366.jpg 2048w\" sizes=\"(max-width: 2560px) 100vw, 2560px\" \/><\/a><\/figure><div class=\"elementor-image-box-content\"><h5 class=\"elementor-image-box-title\"><a href=\"\/de\/noclegi\/bungalowy\/bungalow-3-sypialnie\/\">Bungalow (3 Schlafzimmer)<\/a><\/h5><p class=\"elementor-image-box-description\">bis zu 7 Personen<\/p><\/div><\/div>\t\t\t\t<\/div>\n\t\t\t\t<\/div>\n\t\t\t\t\t<\/div>\n\t\t<\/div>\n\t\t\t\t\t<\/div>\n\t\t<\/section>\n\t\t\t\t<\/div>","protected":false},"excerpt":{"rendered":"<p>Nasze bungalowy s\u0105 nowoczesne, \u015bwietnie umeblowane oraz dobrze wyposa\u017cone. Tworz\u0105 idealne miejsce na wakacje z rodzin\u0105 lub przyjaci\u00f3\u0142mi. Du\u017co \u015bwiat\u0142a dziennego i nowoczesna atmosfera, a to wszystko tak blisko pla\u017cy. Sprawd\u017a, kt\u00f3ry bungalow jest w\u0142a\u015bnie dla Ciebie! Bungalow (2 sypialnie) do 5 os\u00f3b Bungalow (3 sypialnie) do 7 os\u00f3b<\/p>","protected":false},"author":1,"featured_media":776,"parent":89,"menu_order":0,"comment_status":"closed","ping_status":"closed","template":"","meta":{"footnotes":""},"class_list":["post-219","page","type-page","status-publish","has-post-thumbnail","hentry"],"acf":[],"yoast_head":"<!-- This site is optimized with the Yoast SEO plugin v24.7 - https:\/\/yoast.com\/wordpress\/plugins\/seo\/ -->\n<title>Bungalowy - Baltic Center Domki Sarbinowo<\/title>\n<meta name=\"robots\" content=\"index, follow, max-snippet:-1, max-image-preview:large, max-video-preview:-1\" \/>\n<link rel=\"canonical\" href=\"https:\/\/baltic-center.com\/de\/noclegi\/bungalowy\/\" \/>\n<meta property=\"og:locale\" content=\"de_DE\" \/>\n<meta property=\"og:type\" content=\"article\" \/>\n<meta property=\"og:title\" content=\"Bungalowy - Baltic Center Domki Sarbinowo\" \/>\n<meta property=\"og:description\" content=\"Nasze bungalowy s\u0105 nowoczesne, \u015bwietnie umeblowane oraz dobrze wyposa\u017cone. Tworz\u0105 idealne miejsce na wakacje z rodzin\u0105 lub przyjaci\u00f3\u0142mi. Du\u017co \u015bwiat\u0142a dziennego i nowoczesna atmosfera, a to wszystko tak blisko pla\u017cy. Sprawd\u017a, kt\u00f3ry bungalow jest w\u0142a\u015bnie dla Ciebie! Bungalow (2 sypialnie) do 5 os\u00f3b Bungalow (3 sypialnie) do 7 os\u00f3b\" \/>\n<meta property=\"og:url\" content=\"https:\/\/baltic-center.com\/de\/noclegi\/bungalowy\/\" \/>\n<meta property=\"og:site_name\" content=\"Baltic Center Domki Sarbinowo\" \/>\n<meta property=\"article:modified_time\" content=\"2023-04-27T08:42:39+00:00\" \/>\n<meta property=\"og:image\" content=\"https:\/\/baltic-center.com\/wp-content\/uploads\/2023\/04\/041_baltic-center-sarbinowo_fot-stolz-photography-team-Kopie-2.jpg\" \/>\n\t<meta property=\"og:image:width\" content=\"2560\" \/>\n\t<meta property=\"og:image:height\" content=\"1315\" \/>\n\t<meta property=\"og:image:type\" content=\"image\/jpeg\" \/>\n<meta name=\"twitter:card\" content=\"summary_large_image\" \/>\n<meta name=\"twitter:label1\" content=\"Gesch\u00e4tzte Lesezeit\" \/>\n\t<meta name=\"twitter:data1\" content=\"1 Minute\" \/>\n<script type=\"application\/ld+json\" class=\"yoast-schema-graph\">{\"@context\":\"https:\/\/schema.org\",\"@graph\":[{\"@type\":\"WebPage\",\"@id\":\"https:\/\/baltic-center.com\/noclegi\/bungalowy\/\",\"url\":\"https:\/\/baltic-center.com\/noclegi\/bungalowy\/\",\"name\":\"Bungalowy - Baltic Center Domki Sarbinowo\",\"isPartOf\":{\"@id\":\"https:\/\/baltic-center.com\/#website\"},\"primaryImageOfPage\":{\"@id\":\"https:\/\/baltic-center.com\/noclegi\/bungalowy\/#primaryimage\"},\"image\":{\"@id\":\"https:\/\/baltic-center.com\/noclegi\/bungalowy\/#primaryimage\"},\"thumbnailUrl\":\"https:\/\/baltic-center.com\/wp-content\/uploads\/2023\/04\/041_baltic-center-sarbinowo_fot-stolz-photography-team-Kopie-2.jpg\",\"datePublished\":\"2023-04-05T13:02:24+00:00\",\"dateModified\":\"2023-04-27T08:42:39+00:00\",\"breadcrumb\":{\"@id\":\"https:\/\/baltic-center.com\/noclegi\/bungalowy\/#breadcrumb\"},\"inLanguage\":\"de\",\"potentialAction\":[{\"@type\":\"ReadAction\",\"target\":[\"https:\/\/baltic-center.com\/noclegi\/bungalowy\/\"]}]},{\"@type\":\"ImageObject\",\"inLanguage\":\"de\",\"@id\":\"https:\/\/baltic-center.com\/noclegi\/bungalowy\/#primaryimage\",\"url\":\"https:\/\/baltic-center.com\/wp-content\/uploads\/2023\/04\/041_baltic-center-sarbinowo_fot-stolz-photography-team-Kopie-2.jpg\",\"contentUrl\":\"https:\/\/baltic-center.com\/wp-content\/uploads\/2023\/04\/041_baltic-center-sarbinowo_fot-stolz-photography-team-Kopie-2.jpg\",\"width\":2560,\"height\":1315,\"caption\":\"Baltic Center Sarbinowo - fot. STOLZ Photography Team\"},{\"@type\":\"BreadcrumbList\",\"@id\":\"https:\/\/baltic-center.com\/noclegi\/bungalowy\/#breadcrumb\",\"itemListElement\":[{\"@type\":\"ListItem\",\"position\":1,\"name\":\"Strona g\u0142\u00f3wna\",\"item\":\"https:\/\/baltic-center.com\/\"},{\"@type\":\"ListItem\",\"position\":2,\"name\":\"Noclegi\",\"item\":\"https:\/\/baltic-center.com\/noclegi\/\"},{\"@type\":\"ListItem\",\"position\":3,\"name\":\"Bungalowy\"}]},{\"@type\":\"WebSite\",\"@id\":\"https:\/\/baltic-center.com\/#website\",\"url\":\"https:\/\/baltic-center.com\/\",\"name\":\"Baltic Center Domki Sarbinowo\",\"description\":\"Zapraszamy do naszych domk&oacute;w na pi\u0119knym wybrze\u017cu Morza Ba\u0142tyckiego w Sarbinowie\",\"potentialAction\":[{\"@type\":\"SearchAction\",\"target\":{\"@type\":\"EntryPoint\",\"urlTemplate\":\"https:\/\/baltic-center.com\/?s={search_term_string}\"},\"query-input\":{\"@type\":\"PropertyValueSpecification\",\"valueRequired\":true,\"valueName\":\"search_term_string\"}}],\"inLanguage\":\"de\"}]}<\/script>\n<!-- \/ Yoast SEO plugin. -->","yoast_head_json":{"title":"Bungalowy - Baltic Center Domki Sarbinowo","robots":{"index":"index","follow":"follow","max-snippet":"max-snippet:-1","max-image-preview":"max-image-preview:large","max-video-preview":"max-video-preview:-1"},"canonical":"https:\/\/baltic-center.com\/de\/noclegi\/bungalowy\/","og_locale":"de_DE","og_type":"article","og_title":"Bungalowy - Baltic Center Domki Sarbinowo","og_description":"Nasze bungalowy s\u0105 nowoczesne, \u015bwietnie umeblowane oraz dobrze wyposa\u017cone. Tworz\u0105 idealne miejsce na wakacje z rodzin\u0105 lub przyjaci\u00f3\u0142mi. Du\u017co \u015bwiat\u0142a dziennego i nowoczesna atmosfera, a to wszystko tak blisko pla\u017cy. Sprawd\u017a, kt\u00f3ry bungalow jest w\u0142a\u015bnie dla Ciebie! Bungalow (2 sypialnie) do 5 os\u00f3b Bungalow (3 sypialnie) do 7 os\u00f3b","og_url":"https:\/\/baltic-center.com\/de\/noclegi\/bungalowy\/","og_site_name":"Baltic Center Domki Sarbinowo","article_modified_time":"2023-04-27T08:42:39+00:00","og_image":[{"width":2560,"height":1315,"url":"https:\/\/baltic-center.com\/wp-content\/uploads\/2023\/04\/041_baltic-center-sarbinowo_fot-stolz-photography-team-Kopie-2.jpg","type":"image\/jpeg"}],"twitter_card":"summary_large_image","twitter_misc":{"Gesch\u00e4tzte Lesezeit":"1 Minute"},"schema":{"@context":"https:\/\/schema.org","@graph":[{"@type":"WebPage","@id":"https:\/\/baltic-center.com\/noclegi\/bungalowy\/","url":"https:\/\/baltic-center.com\/noclegi\/bungalowy\/","name":"Bungalowy - Baltic Center Domki Sarbinowo","isPartOf":{"@id":"https:\/\/baltic-center.com\/#website"},"primaryImageOfPage":{"@id":"https:\/\/baltic-center.com\/noclegi\/bungalowy\/#primaryimage"},"image":{"@id":"https:\/\/baltic-center.com\/noclegi\/bungalowy\/#primaryimage"},"thumbnailUrl":"https:\/\/baltic-center.com\/wp-content\/uploads\/2023\/04\/041_baltic-center-sarbinowo_fot-stolz-photography-team-Kopie-2.jpg","datePublished":"2023-04-05T13:02:24+00:00","dateModified":"2023-04-27T08:42:39+00:00","breadcrumb":{"@id":"https:\/\/baltic-center.com\/noclegi\/bungalowy\/#breadcrumb"},"inLanguage":"de","potentialAction":[{"@type":"ReadAction","target":["https:\/\/baltic-center.com\/noclegi\/bungalowy\/"]}]},{"@type":"ImageObject","inLanguage":"de","@id":"https:\/\/baltic-center.com\/noclegi\/bungalowy\/#primaryimage","url":"https:\/\/baltic-center.com\/wp-content\/uploads\/2023\/04\/041_baltic-center-sarbinowo_fot-stolz-photography-team-Kopie-2.jpg","contentUrl":"https:\/\/baltic-center.com\/wp-content\/uploads\/2023\/04\/041_baltic-center-sarbinowo_fot-stolz-photography-team-Kopie-2.jpg","width":2560,"height":1315,"caption":"Baltic Center Sarbinowo - fot. STOLZ Photography Team"},{"@type":"BreadcrumbList","@id":"https:\/\/baltic-center.com\/noclegi\/bungalowy\/#breadcrumb","itemListElement":[{"@type":"ListItem","position":1,"name":"Strona g\u0142\u00f3wna","item":"https:\/\/baltic-center.com\/"},{"@type":"ListItem","position":2,"name":"Noclegi","item":"https:\/\/baltic-center.com\/noclegi\/"},{"@type":"ListItem","position":3,"name":"Bungalowy"}]},{"@type":"WebSite","@id":"https:\/\/baltic-center.com\/#website","url":"https:\/\/baltic-center.com\/","name":"Baltic Center Domki Sarbinowo","description":"Zapraszamy do naszych domk&oacute;w na pi\u0119knym wybrze\u017cu Morza Ba\u0142tyckiego w Sarbinowie","potentialAction":[{"@type":"SearchAction","target":{"@type":"EntryPoint","urlTemplate":"https:\/\/baltic-center.com\/?s={search_term_string}"},"query-input":{"@type":"PropertyValueSpecification","valueRequired":true,"valueName":"search_term_string"}}],"inLanguage":"de"}]}},"_links":{"self":[{"href":"https:\/\/baltic-center.com\/de\/wp-json\/wp\/v2\/pages\/219","targetHints":{"allow":["GET"]}}],"collection":[{"href":"https:\/\/baltic-center.com\/de\/wp-json\/wp\/v2\/pages"}],"about":[{"href":"https:\/\/baltic-center.com\/de\/wp-json\/wp\/v2\/types\/page"}],"author":[{"embeddable":true,"href":"https:\/\/baltic-center.com\/de\/wp-json\/wp\/v2\/users\/1"}],"replies":[{"embeddable":true,"href":"https:\/\/baltic-center.com\/de\/wp-json\/wp\/v2\/comments?post=219"}],"version-history":[{"count":27,"href":"https:\/\/baltic-center.com\/de\/wp-json\/wp\/v2\/pages\/219\/revisions"}],"predecessor-version":[{"id":912,"href":"https:\/\/baltic-center.com\/de\/wp-json\/wp\/v2\/pages\/219\/revisions\/912"}],"up":[{"embeddable":true,"href":"https:\/\/baltic-center.com\/de\/wp-json\/wp\/v2\/pages\/89"}],"wp:featuredmedia":[{"embeddable":true,"href":"https:\/\/baltic-center.com\/de\/wp-json\/wp\/v2\/media\/776"}],"wp:attachment":[{"href":"https:\/\/baltic-center.com\/de\/wp-json\/wp\/v2\/media?parent=219"}],"curies":[{"name":"wp","href":"https:\/\/api.w.org\/{rel}","templated":true}]}}