{"id":252,"date":"2023-04-05T13:27:55","date_gmt":"2023-04-05T13:27:55","guid":{"rendered":"http:\/\/baltic-center.com\/?page_id=252"},"modified":"2023-04-20T11:03:02","modified_gmt":"2023-04-20T11:03:02","slug":"apartament","status":"publish","type":"page","link":"https:\/\/baltic-center.com\/de\/noclegi\/apartament\/","title":{"rendered":"Appartment"},"content":{"rendered":"<div data-elementor-type=\"wp-page\" data-elementor-id=\"252\" class=\"elementor elementor-252\" data-elementor-post-type=\"page\">\n\t\t\t\t\t\t<section class=\"ob-is-breaking-bad elementor-section elementor-top-section elementor-element elementor-element-6a518449 elementor-section-boxed elementor-section-height-default elementor-section-height-default\" data-id=\"6a518449\" data-element_type=\"section\" data-settings=\"{&quot;jet_parallax_layout_list&quot;:[],&quot;_ob_bbad_use_it&quot;:&quot;yes&quot;,&quot;_ob_bbad_sssic_use&quot;:&quot;no&quot;,&quot;_ob_glider_is_slider&quot;:&quot;no&quot;}\">\n\t\t\t\t\t\t<div class=\"elementor-container elementor-column-gap-default\">\n\t\t\t\t\t<div class=\"elementor-column elementor-col-33 elementor-top-column elementor-element elementor-element-63d836cb\" data-id=\"63d836cb\" data-element_type=\"column\" data-settings=\"{&quot;_ob_bbad_is_stalker&quot;:&quot;no&quot;,&quot;_ob_teleporter_use&quot;:false,&quot;_ob_column_hoveranimator&quot;:&quot;no&quot;,&quot;_ob_column_has_pseudo&quot;:&quot;no&quot;}\">\n\t\t\t<div class=\"elementor-widget-wrap\">\n\t\t\t\t\t\t\t<\/div>\n\t\t<\/div>\n\t\t\t\t<div class=\"elementor-column elementor-col-33 elementor-top-column elementor-element elementor-element-b3c4e50\" data-id=\"b3c4e50\" data-element_type=\"column\" data-settings=\"{&quot;_ob_bbad_is_stalker&quot;:&quot;no&quot;,&quot;_ob_teleporter_use&quot;:false,&quot;_ob_column_hoveranimator&quot;:&quot;no&quot;,&quot;_ob_column_has_pseudo&quot;:&quot;no&quot;}\">\n\t\t\t<div class=\"elementor-widget-wrap elementor-element-populated\">\n\t\t\t\t\t\t<div class=\"elementor-element elementor-element-7a3ffa44 ob-harakiri-inherit ob-has-background-overlay elementor-widget elementor-widget-text-editor\" data-id=\"7a3ffa44\" data-element_type=\"widget\" data-settings=\"{&quot;_ob_use_harakiri&quot;:&quot;yes&quot;,&quot;_ob_harakiri_writing_mode&quot;:&quot;inherit&quot;,&quot;_ob_postman_use&quot;:&quot;no&quot;,&quot;_ob_perspektive_use&quot;:&quot;no&quot;,&quot;_ob_poopart_use&quot;:&quot;yes&quot;,&quot;_ob_shadough_use&quot;:&quot;no&quot;,&quot;_ob_allow_hoveranimator&quot;:&quot;no&quot;,&quot;_ob_widget_stalker_use&quot;:&quot;no&quot;}\" data-widget_type=\"text-editor.default\">\n\t\t\t\t<div class=\"elementor-widget-container\">\n\t\t\t\t\t\t\t\t\t<p>Appartement im Reetdachhaus<br>\nf\u00fcr bis zu 5 Personen, bei Interesse schreiben Sie uns einfach eine Nachricht!<\/p>\n<p><a href=\"mailto:info@baltic-center.com\">info@baltic-center.com<\/a><\/p>\t\t\t\t\t\t\t\t<\/div>\n\t\t\t\t<\/div>\n\t\t\t\t\t<\/div>\n\t\t<\/div>\n\t\t\t\t<div class=\"elementor-column elementor-col-33 elementor-top-column elementor-element elementor-element-3181a5a\" data-id=\"3181a5a\" data-element_type=\"column\" data-settings=\"{&quot;_ob_bbad_is_stalker&quot;:&quot;no&quot;,&quot;_ob_teleporter_use&quot;:false,&quot;_ob_column_hoveranimator&quot;:&quot;no&quot;,&quot;_ob_column_has_pseudo&quot;:&quot;no&quot;}\">\n\t\t\t<div class=\"elementor-widget-wrap\">\n\t\t\t\t\t\t\t<\/div>\n\t\t<\/div>\n\t\t\t\t\t<\/div>\n\t\t<\/section>\n\t\t\t\t<\/div>","protected":false},"excerpt":{"rendered":"<p>Mieszkanie w domu krytym strzech\u0105 dla maksymalnie 5 os\u00f3b, je\u015bli jeste\u015b zainteresowany napisz do nas wiadomo\u015b\u0107! info@baltic-center.com<\/p>","protected":false},"author":1,"featured_media":667,"parent":89,"menu_order":0,"comment_status":"closed","ping_status":"closed","template":"","meta":{"footnotes":""},"class_list":["post-252","page","type-page","status-publish","has-post-thumbnail","hentry"],"acf":[],"yoast_head":"<!-- This site is optimized with the Yoast SEO plugin v24.7 - https:\/\/yoast.com\/wordpress\/plugins\/seo\/ -->\n<title>Apartament - Baltic Center Domki Sarbinowo<\/title>\n<meta name=\"robots\" content=\"index, follow, max-snippet:-1, max-image-preview:large, max-video-preview:-1\" \/>\n<link rel=\"canonical\" href=\"https:\/\/baltic-center.com\/de\/noclegi\/apartament\/\" \/>\n<meta property=\"og:locale\" content=\"de_DE\" \/>\n<meta property=\"og:type\" content=\"article\" \/>\n<meta property=\"og:title\" content=\"Apartament - Baltic Center Domki Sarbinowo\" \/>\n<meta property=\"og:description\" content=\"Mieszkanie w domu krytym strzech\u0105 dla maksymalnie 5 os\u00f3b, je\u015bli jeste\u015b zainteresowany napisz do nas wiadomo\u015b\u0107! info@baltic-center.com\" \/>\n<meta property=\"og:url\" content=\"https:\/\/baltic-center.com\/de\/noclegi\/apartament\/\" \/>\n<meta property=\"og:site_name\" content=\"Baltic Center Domki Sarbinowo\" \/>\n<meta property=\"article:modified_time\" content=\"2023-04-20T11:03:02+00:00\" \/>\n<meta property=\"og:image\" content=\"https:\/\/baltic-center.com\/wp-content\/uploads\/2023\/04\/C-3.jpg\" \/>\n\t<meta property=\"og:image:width\" content=\"2560\" \/>\n\t<meta property=\"og:image:height\" content=\"1558\" \/>\n\t<meta property=\"og:image:type\" content=\"image\/jpeg\" \/>\n<meta name=\"twitter:card\" content=\"summary_large_image\" \/>\n<meta name=\"twitter:label1\" content=\"Gesch\u00e4tzte Lesezeit\" \/>\n\t<meta name=\"twitter:data1\" content=\"1 Minute\" \/>\n<script type=\"application\/ld+json\" class=\"yoast-schema-graph\">{\"@context\":\"https:\/\/schema.org\",\"@graph\":[{\"@type\":\"WebPage\",\"@id\":\"https:\/\/baltic-center.com\/noclegi\/apartament\/\",\"url\":\"https:\/\/baltic-center.com\/noclegi\/apartament\/\",\"name\":\"Apartament - Baltic Center Domki Sarbinowo\",\"isPartOf\":{\"@id\":\"https:\/\/baltic-center.com\/#website\"},\"primaryImageOfPage\":{\"@id\":\"https:\/\/baltic-center.com\/noclegi\/apartament\/#primaryimage\"},\"image\":{\"@id\":\"https:\/\/baltic-center.com\/noclegi\/apartament\/#primaryimage\"},\"thumbnailUrl\":\"https:\/\/baltic-center.com\/wp-content\/uploads\/2023\/04\/C-3.jpg\",\"datePublished\":\"2023-04-05T13:27:55+00:00\",\"dateModified\":\"2023-04-20T11:03:02+00:00\",\"breadcrumb\":{\"@id\":\"https:\/\/baltic-center.com\/noclegi\/apartament\/#breadcrumb\"},\"inLanguage\":\"de\",\"potentialAction\":[{\"@type\":\"ReadAction\",\"target\":[\"https:\/\/baltic-center.com\/noclegi\/apartament\/\"]}]},{\"@type\":\"ImageObject\",\"inLanguage\":\"de\",\"@id\":\"https:\/\/baltic-center.com\/noclegi\/apartament\/#primaryimage\",\"url\":\"https:\/\/baltic-center.com\/wp-content\/uploads\/2023\/04\/C-3.jpg\",\"contentUrl\":\"https:\/\/baltic-center.com\/wp-content\/uploads\/2023\/04\/C-3.jpg\",\"width\":2560,\"height\":1558,\"caption\":\"Catching the sun is fun\"},{\"@type\":\"BreadcrumbList\",\"@id\":\"https:\/\/baltic-center.com\/noclegi\/apartament\/#breadcrumb\",\"itemListElement\":[{\"@type\":\"ListItem\",\"position\":1,\"name\":\"Strona g\u0142\u00f3wna\",\"item\":\"https:\/\/baltic-center.com\/\"},{\"@type\":\"ListItem\",\"position\":2,\"name\":\"Noclegi\",\"item\":\"https:\/\/baltic-center.com\/noclegi\/\"},{\"@type\":\"ListItem\",\"position\":3,\"name\":\"Apartament\"}]},{\"@type\":\"WebSite\",\"@id\":\"https:\/\/baltic-center.com\/#website\",\"url\":\"https:\/\/baltic-center.com\/\",\"name\":\"Baltic Center Domki Sarbinowo\",\"description\":\"Zapraszamy do naszych domk&oacute;w na pi\u0119knym wybrze\u017cu Morza Ba\u0142tyckiego w Sarbinowie\",\"potentialAction\":[{\"@type\":\"SearchAction\",\"target\":{\"@type\":\"EntryPoint\",\"urlTemplate\":\"https:\/\/baltic-center.com\/?s={search_term_string}\"},\"query-input\":{\"@type\":\"PropertyValueSpecification\",\"valueRequired\":true,\"valueName\":\"search_term_string\"}}],\"inLanguage\":\"de\"}]}<\/script>\n<!-- \/ Yoast SEO plugin. -->","yoast_head_json":{"title":"Apartament - Baltic Center Domki Sarbinowo","robots":{"index":"index","follow":"follow","max-snippet":"max-snippet:-1","max-image-preview":"max-image-preview:large","max-video-preview":"max-video-preview:-1"},"canonical":"https:\/\/baltic-center.com\/de\/noclegi\/apartament\/","og_locale":"de_DE","og_type":"article","og_title":"Apartament - Baltic Center Domki Sarbinowo","og_description":"Mieszkanie w domu krytym strzech\u0105 dla maksymalnie 5 os\u00f3b, je\u015bli jeste\u015b zainteresowany napisz do nas wiadomo\u015b\u0107! info@baltic-center.com","og_url":"https:\/\/baltic-center.com\/de\/noclegi\/apartament\/","og_site_name":"Baltic Center Domki Sarbinowo","article_modified_time":"2023-04-20T11:03:02+00:00","og_image":[{"width":2560,"height":1558,"url":"https:\/\/baltic-center.com\/wp-content\/uploads\/2023\/04\/C-3.jpg","type":"image\/jpeg"}],"twitter_card":"summary_large_image","twitter_misc":{"Gesch\u00e4tzte Lesezeit":"1 Minute"},"schema":{"@context":"https:\/\/schema.org","@graph":[{"@type":"WebPage","@id":"https:\/\/baltic-center.com\/noclegi\/apartament\/","url":"https:\/\/baltic-center.com\/noclegi\/apartament\/","name":"Apartament - Baltic Center Domki Sarbinowo","isPartOf":{"@id":"https:\/\/baltic-center.com\/#website"},"primaryImageOfPage":{"@id":"https:\/\/baltic-center.com\/noclegi\/apartament\/#primaryimage"},"image":{"@id":"https:\/\/baltic-center.com\/noclegi\/apartament\/#primaryimage"},"thumbnailUrl":"https:\/\/baltic-center.com\/wp-content\/uploads\/2023\/04\/C-3.jpg","datePublished":"2023-04-05T13:27:55+00:00","dateModified":"2023-04-20T11:03:02+00:00","breadcrumb":{"@id":"https:\/\/baltic-center.com\/noclegi\/apartament\/#breadcrumb"},"inLanguage":"de","potentialAction":[{"@type":"ReadAction","target":["https:\/\/baltic-center.com\/noclegi\/apartament\/"]}]},{"@type":"ImageObject","inLanguage":"de","@id":"https:\/\/baltic-center.com\/noclegi\/apartament\/#primaryimage","url":"https:\/\/baltic-center.com\/wp-content\/uploads\/2023\/04\/C-3.jpg","contentUrl":"https:\/\/baltic-center.com\/wp-content\/uploads\/2023\/04\/C-3.jpg","width":2560,"height":1558,"caption":"Catching the sun is fun"},{"@type":"BreadcrumbList","@id":"https:\/\/baltic-center.com\/noclegi\/apartament\/#breadcrumb","itemListElement":[{"@type":"ListItem","position":1,"name":"Strona g\u0142\u00f3wna","item":"https:\/\/baltic-center.com\/"},{"@type":"ListItem","position":2,"name":"Noclegi","item":"https:\/\/baltic-center.com\/noclegi\/"},{"@type":"ListItem","position":3,"name":"Apartament"}]},{"@type":"WebSite","@id":"https:\/\/baltic-center.com\/#website","url":"https:\/\/baltic-center.com\/","name":"Baltic Center Domki Sarbinowo","description":"Zapraszamy do naszych domk&oacute;w na pi\u0119knym wybrze\u017cu Morza Ba\u0142tyckiego w Sarbinowie","potentialAction":[{"@type":"SearchAction","target":{"@type":"EntryPoint","urlTemplate":"https:\/\/baltic-center.com\/?s={search_term_string}"},"query-input":{"@type":"PropertyValueSpecification","valueRequired":true,"valueName":"search_term_string"}}],"inLanguage":"de"}]}},"_links":{"self":[{"href":"https:\/\/baltic-center.com\/de\/wp-json\/wp\/v2\/pages\/252","targetHints":{"allow":["GET"]}}],"collection":[{"href":"https:\/\/baltic-center.com\/de\/wp-json\/wp\/v2\/pages"}],"about":[{"href":"https:\/\/baltic-center.com\/de\/wp-json\/wp\/v2\/types\/page"}],"author":[{"embeddable":true,"href":"https:\/\/baltic-center.com\/de\/wp-json\/wp\/v2\/users\/1"}],"replies":[{"embeddable":true,"href":"https:\/\/baltic-center.com\/de\/wp-json\/wp\/v2\/comments?post=252"}],"version-history":[{"count":7,"href":"https:\/\/baltic-center.com\/de\/wp-json\/wp\/v2\/pages\/252\/revisions"}],"predecessor-version":[{"id":775,"href":"https:\/\/baltic-center.com\/de\/wp-json\/wp\/v2\/pages\/252\/revisions\/775"}],"up":[{"embeddable":true,"href":"https:\/\/baltic-center.com\/de\/wp-json\/wp\/v2\/pages\/89"}],"wp:featuredmedia":[{"embeddable":true,"href":"https:\/\/baltic-center.com\/de\/wp-json\/wp\/v2\/media\/667"}],"wp:attachment":[{"href":"https:\/\/baltic-center.com\/de\/wp-json\/wp\/v2\/media?parent=252"}],"curies":[{"name":"wp","href":"https:\/\/api.w.org\/{rel}","templated":true}]}}