{"id":284,"date":"2023-04-05T13:46:32","date_gmt":"2023-04-05T13:46:32","guid":{"rendered":"http:\/\/baltic-center.com\/?page_id=284"},"modified":"2023-05-07T11:03:05","modified_gmt":"2023-05-07T11:03:05","slug":"zapytaj-o-dostepnosc","status":"publish","type":"page","link":"https:\/\/baltic-center.com\/de\/zapytaj-o-dostepnosc\/","title":{"rendered":"Jetzt Anfragen"},"content":{"rendered":"<div data-elementor-type=\"wp-page\" data-elementor-id=\"284\" class=\"elementor elementor-284\" data-elementor-post-type=\"page\">\n\t\t\t\t\t\t<section class=\"ob-is-breaking-bad elementor-section elementor-top-section elementor-element elementor-element-1a39cdd elementor-section-height-min-height elementor-section-items-bottom elementor-section-boxed elementor-section-height-default\" data-id=\"1a39cdd\" data-element_type=\"section\" data-settings=\"{&quot;jet_parallax_layout_list&quot;:[],&quot;background_background&quot;:&quot;classic&quot;,&quot;_ob_bbad_use_it&quot;:&quot;yes&quot;,&quot;_ob_bbad_sssic_use&quot;:&quot;no&quot;,&quot;_ob_glider_is_slider&quot;:&quot;no&quot;}\">\n\t\t\t\t\t\t<div class=\"elementor-container elementor-column-gap-default\">\n\t\t\t\t\t<div class=\"elementor-column elementor-col-25 elementor-top-column elementor-element elementor-element-81d293c\" data-id=\"81d293c\" data-element_type=\"column\" data-settings=\"{&quot;_ob_bbad_is_stalker&quot;:&quot;no&quot;,&quot;_ob_teleporter_use&quot;:false,&quot;_ob_column_hoveranimator&quot;:&quot;no&quot;,&quot;_ob_column_has_pseudo&quot;:&quot;no&quot;}\">\n\t\t\t<div class=\"elementor-widget-wrap\">\n\t\t\t\t\t\t\t<\/div>\n\t\t<\/div>\n\t\t\t\t<div class=\"elementor-column elementor-col-50 elementor-top-column elementor-element elementor-element-4f5e914\" data-id=\"4f5e914\" data-element_type=\"column\" data-settings=\"{&quot;background_background&quot;:&quot;classic&quot;,&quot;_ob_bbad_is_stalker&quot;:&quot;no&quot;,&quot;_ob_teleporter_use&quot;:false,&quot;_ob_column_hoveranimator&quot;:&quot;no&quot;,&quot;_ob_column_has_pseudo&quot;:&quot;no&quot;}\">\n\t\t\t<div class=\"elementor-widget-wrap elementor-element-populated\">\n\t\t\t\t\t\t<div class=\"elementor-element elementor-element-8829c67 ob-harakiri-inherit ob-has-background-overlay elementor-widget elementor-widget-heading\" data-id=\"8829c67\" data-element_type=\"widget\" data-settings=\"{&quot;_ob_use_harakiri&quot;:&quot;yes&quot;,&quot;_ob_harakiri_writing_mode&quot;:&quot;inherit&quot;,&quot;_ob_harakiri_text_clip&quot;:&quot;none&quot;,&quot;_ob_perspektive_use&quot;:&quot;no&quot;,&quot;_ob_poopart_use&quot;:&quot;yes&quot;,&quot;_ob_shadough_use&quot;:&quot;no&quot;,&quot;_ob_allow_hoveranimator&quot;:&quot;no&quot;,&quot;_ob_widget_stalker_use&quot;:&quot;no&quot;}\" data-widget_type=\"heading.default\">\n\t\t\t\t<div class=\"elementor-widget-container\">\n\t\t\t\t\t<h2 class=\"elementor-heading-title elementor-size-default\">Buchungsanfrage<\/h2>\t\t\t\t<\/div>\n\t\t\t\t<\/div>\n\t\t\t\t<div class=\"elementor-element elementor-element-54b5c3a elementor-widget-divider--view-line ob-has-background-overlay elementor-widget elementor-widget-divider\" data-id=\"54b5c3a\" data-element_type=\"widget\" data-settings=\"{&quot;_ob_perspektive_use&quot;:&quot;no&quot;,&quot;_ob_poopart_use&quot;:&quot;yes&quot;,&quot;_ob_shadough_use&quot;:&quot;no&quot;,&quot;_ob_allow_hoveranimator&quot;:&quot;no&quot;,&quot;_ob_widget_stalker_use&quot;:&quot;no&quot;}\" data-widget_type=\"divider.default\">\n\t\t\t\t<div class=\"elementor-widget-container\">\n\t\t\t\t\t\t\t<div class=\"elementor-divider\">\n\t\t\t<span class=\"elementor-divider-separator\">\n\t\t\t\t\t\t<\/span>\n\t\t<\/div>\n\t\t\t\t\t\t<\/div>\n\t\t\t\t<\/div>\n\t\t\t\t<div class=\"elementor-element elementor-element-236fe95 elementor-button-align-stretch ob-has-background-overlay elementor-widget elementor-widget-form\" data-id=\"236fe95\" data-element_type=\"widget\" data-settings=\"{&quot;step_next_label&quot;:&quot;Nast\\u0119pny&quot;,&quot;step_previous_label&quot;:&quot;Poprzedni&quot;,&quot;button_width&quot;:&quot;100&quot;,&quot;step_type&quot;:&quot;number_text&quot;,&quot;step_icon_shape&quot;:&quot;circle&quot;,&quot;_ob_perspektive_use&quot;:&quot;no&quot;,&quot;_ob_poopart_use&quot;:&quot;yes&quot;,&quot;_ob_shadough_use&quot;:&quot;no&quot;,&quot;_ob_allow_hoveranimator&quot;:&quot;no&quot;,&quot;_ob_widget_stalker_use&quot;:&quot;no&quot;}\" data-widget_type=\"form.default\">\n\t\t\t\t<div class=\"elementor-widget-container\">\n\t\t\t\t\t\t\t<form class=\"elementor-form\" method=\"post\" name=\"Nowy formularz\" action=\"\">\n\t\t\t<input type=\"hidden\" name=\"post_id\" value=\"284\"\/>\n\t\t\t<input type=\"hidden\" name=\"form_id\" value=\"236fe95\"\/>\n\t\t\t<input type=\"hidden\" name=\"referer_title\" value=\"Baltic Center Domki Sarbinowo\" \/>\n\n\t\t\t\n\t\t\t<div class=\"elementor-form-fields-wrapper elementor-labels-above\">\n\t\t\t\t\t\t\t\t<div class=\"elementor-field-type-select elementor-field-group elementor-column elementor-field-group-field_be61bbf elementor-col-100\">\n\t\t\t\t\t\t\t\t\t\t\t\t<label for=\"form-field-field_be61bbf\" class=\"elementor-field-label\">\n\t\t\t\t\t\t\t\tUnterkunft\t\t\t\t\t\t\t<\/label>\n\t\t\t\t\t\t\t\t<div class=\"elementor-field elementor-select-wrapper remove-before\">\n\t\t\t<div class=\"select-caret-down-wrapper\">\n\t\t\t\t<i aria-hidden=\"true\" class=\"eicon-caret-down\"><\/i>\t\t\t<\/div>\n\t\t\t<select name=\"form_fields[field_be61bbf]\" id=\"form-field-field_be61bbf\" class=\"elementor-field-textual elementor-size-md\">\n\t\t\t\t\t\t\t\t\t<option value=\"Bungalow (2 sypialnie)\">Bungalow (2 Schlafzimmer)<\/option>\n\t\t\t\t\t\t\t\t\t<option value=\"Bungalow (3 sypialnie)\">Bungalow (3 Schlafzimmer)<\/option>\n\t\t\t\t\t\t\t\t\t<option value=\"Apartament\">Appartment<\/option>\n\t\t\t\t\t\t\t<\/select>\n\t\t<\/div>\n\t\t\t\t\t\t<\/div>\n\t\t\t\t\t\t\t\t<div class=\"elementor-field-type-date elementor-field-group elementor-column elementor-field-group-datefrom elementor-col-50\">\n\t\t\t\t\t\t\t\t\t\t\t\t<label for=\"form-field-datefrom\" class=\"elementor-field-label\">\n\t\t\t\t\t\t\t\tVon\t\t\t\t\t\t\t<\/label>\n\t\t\t\t\t\t\n\t\t<input type=\"date\" name=\"form_fields[datefrom]\" id=\"form-field-datefrom\" class=\"elementor-field elementor-size-md  elementor-field-textual elementor-date-field\" placeholder=\"Von\" pattern=\"[0-9]{4}-[0-9]{2}-[0-9]{2}\">\n\t\t\t\t\t\t<\/div>\n\t\t\t\t\t\t\t\t<div class=\"elementor-field-type-date elementor-field-group elementor-column elementor-field-group-dateto elementor-col-50\">\n\t\t\t\t\t\t\t\t\t\t\t\t<label for=\"form-field-dateto\" class=\"elementor-field-label\">\n\t\t\t\t\t\t\t\tBis\t\t\t\t\t\t\t<\/label>\n\t\t\t\t\t\t\n\t\t<input type=\"date\" name=\"form_fields[dateto]\" id=\"form-field-dateto\" class=\"elementor-field elementor-size-md  elementor-field-textual elementor-date-field\" placeholder=\"Bis\" pattern=\"[0-9]{4}-[0-9]{2}-[0-9]{2}\">\n\t\t\t\t\t\t<\/div>\n\t\t\t\t\t\t\t\t<div class=\"elementor-field-type-number elementor-field-group elementor-column elementor-field-group-field_83ee2e0 elementor-col-50\">\n\t\t\t\t\t\t\t\t\t\t\t\t<label for=\"form-field-field_83ee2e0\" class=\"elementor-field-label\">\n\t\t\t\t\t\t\t\tErwachsene\t\t\t\t\t\t\t<\/label>\n\t\t\t\t\t\t\t\t\t<input type=\"number\" name=\"form_fields[field_83ee2e0]\" id=\"form-field-field_83ee2e0\" class=\"elementor-field elementor-size-md  elementor-field-textual\" placeholder=\"Erwachsene\" min=\"\" max=\"\" >\n\t\t\t\t\t\t<\/div>\n\t\t\t\t\t\t\t\t<div class=\"elementor-field-type-number elementor-field-group elementor-column elementor-field-group-field_f5b39ed elementor-col-50\">\n\t\t\t\t\t\t\t\t\t\t\t\t<label for=\"form-field-field_f5b39ed\" class=\"elementor-field-label\">\n\t\t\t\t\t\t\t\tKinder\t\t\t\t\t\t\t<\/label>\n\t\t\t\t\t\t\t\t\t<input type=\"number\" name=\"form_fields[field_f5b39ed]\" id=\"form-field-field_f5b39ed\" class=\"elementor-field elementor-size-md  elementor-field-textual\" placeholder=\"Kinder\" min=\"\" max=\"\" >\n\t\t\t\t\t\t<\/div>\n\t\t\t\t\t\t\t\t<div class=\"elementor-field-type-select elementor-field-group elementor-column elementor-field-group-field_64ed75a elementor-col-20\">\n\t\t\t\t\t\t\t\t\t\t\t\t<label for=\"form-field-field_64ed75a\" class=\"elementor-field-label\">\n\t\t\t\t\t\t\t\tAnrede\t\t\t\t\t\t\t<\/label>\n\t\t\t\t\t\t\t\t<div class=\"elementor-field elementor-select-wrapper remove-before\">\n\t\t\t<div class=\"select-caret-down-wrapper\">\n\t\t\t\t<i aria-hidden=\"true\" class=\"eicon-caret-down\"><\/i>\t\t\t<\/div>\n\t\t\t<select name=\"form_fields[field_64ed75a]\" id=\"form-field-field_64ed75a\" class=\"elementor-field-textual elementor-size-md\">\n\t\t\t\t\t\t\t\t\t<option value=\"Pan\">Herr<\/option>\n\t\t\t\t\t\t\t\t\t<option value=\"Pani\">Frau<\/option>\n\t\t\t\t\t\t\t\t\t<option value=\"Inny\">Divers<\/option>\n\t\t\t\t\t\t\t<\/select>\n\t\t<\/div>\n\t\t\t\t\t\t<\/div>\n\t\t\t\t\t\t\t\t<div class=\"elementor-field-type-text elementor-field-group elementor-column elementor-field-group-name elementor-col-40 elementor-field-required\">\n\t\t\t\t\t\t\t\t\t\t\t\t<label for=\"form-field-name\" class=\"elementor-field-label\">\n\t\t\t\t\t\t\t\tVorname\t\t\t\t\t\t\t<\/label>\n\t\t\t\t\t\t\t\t\t\t\t\t\t\t<input size=\"1\" type=\"text\" name=\"form_fields[name]\" id=\"form-field-name\" class=\"elementor-field elementor-size-md  elementor-field-textual\" placeholder=\"Vorname\" required=\"required\">\n\t\t\t\t\t\t\t\t\t\t\t<\/div>\n\t\t\t\t\t\t\t\t<div class=\"elementor-field-type-text elementor-field-group elementor-column elementor-field-group-field_b5c6673 elementor-col-40 elementor-field-required\">\n\t\t\t\t\t\t\t\t\t\t\t\t<label for=\"form-field-field_b5c6673\" class=\"elementor-field-label\">\n\t\t\t\t\t\t\t\tNachname\t\t\t\t\t\t\t<\/label>\n\t\t\t\t\t\t\t\t\t\t\t\t\t\t<input size=\"1\" type=\"text\" name=\"form_fields[field_b5c6673]\" id=\"form-field-field_b5c6673\" class=\"elementor-field elementor-size-md  elementor-field-textual\" placeholder=\"Nachname\" required=\"required\">\n\t\t\t\t\t\t\t\t\t\t\t<\/div>\n\t\t\t\t\t\t\t\t<div class=\"elementor-field-type-email elementor-field-group elementor-column elementor-field-group-field_3455874 elementor-col-50 elementor-field-required\">\n\t\t\t\t\t\t\t\t\t\t\t\t<label for=\"form-field-field_3455874\" class=\"elementor-field-label\">\n\t\t\t\t\t\t\t\tE-Mail-Adresse\t\t\t\t\t\t\t<\/label>\n\t\t\t\t\t\t\t\t\t\t\t\t\t\t<input size=\"1\" type=\"email\" name=\"form_fields[field_3455874]\" id=\"form-field-field_3455874\" class=\"elementor-field elementor-size-md  elementor-field-textual\" placeholder=\"E-Mail-Adresse\" required=\"required\">\n\t\t\t\t\t\t\t\t\t\t\t<\/div>\n\t\t\t\t\t\t\t\t<div class=\"elementor-field-type-tel elementor-field-group elementor-column elementor-field-group-field_7734c84 elementor-col-50\">\n\t\t\t\t\t\t\t\t\t\t\t\t<label for=\"form-field-field_7734c84\" class=\"elementor-field-label\">\n\t\t\t\t\t\t\t\tTelefonnummer\t\t\t\t\t\t\t<\/label>\n\t\t\t\t\t\t\t\t<input size=\"1\" type=\"tel\" name=\"form_fields[field_7734c84]\" id=\"form-field-field_7734c84\" class=\"elementor-field elementor-size-md  elementor-field-textual\" placeholder=\"Telefonnummer\" pattern=\"[0-9()#&amp;+*-=.]+\" title=\"Nur Nummern oder Telefon-Zeichen (#, -, *, etc) werden akzeptiert.\">\n\n\t\t\t\t\t\t<\/div>\n\t\t\t\t\t\t\t\t<div class=\"elementor-field-type-textarea elementor-field-group elementor-column elementor-field-group-message elementor-col-100\">\n\t\t\t\t\t\t\t\t\t\t\t\t<label for=\"form-field-message\" class=\"elementor-field-label\">\n\t\t\t\t\t\t\t\tNachricht\t\t\t\t\t\t\t<\/label>\n\t\t\t\t\t\t<textarea class=\"elementor-field-textual elementor-field  elementor-size-md\" name=\"form_fields[message]\" id=\"form-field-message\" rows=\"4\" placeholder=\"Nachricht\"><\/textarea>\t\t\t\t<\/div>\n\t\t\t\t\t\t\t\t<div class=\"elementor-field-group elementor-column elementor-field-type-submit elementor-col-100 e-form__buttons\">\n\t\t\t\t\t<button class=\"elementor-button elementor-size-sm\" type=\"submit\">\n\t\t\t\t\t\t<span class=\"elementor-button-content-wrapper\">\n\t\t\t\t\t\t\t\t\t\t\t\t\t\t\t\t\t\t\t\t\t\t<span class=\"elementor-button-text\">Senden<\/span>\n\t\t\t\t\t\t\t\t\t\t\t\t\t<\/span>\n\t\t\t\t\t<\/button>\n\t\t\t\t<\/div>\n\t\t\t<\/div>\n\t\t<input type=\"hidden\" name=\"trp-form-language\" value=\"de\"\/><\/form>\n\t\t\t\t\t\t<\/div>\n\t\t\t\t<\/div>\n\t\t\t\t\t<\/div>\n\t\t<\/div>\n\t\t\t\t<div class=\"elementor-column elementor-col-25 elementor-top-column elementor-element elementor-element-8473f46\" data-id=\"8473f46\" data-element_type=\"column\" data-settings=\"{&quot;_ob_bbad_is_stalker&quot;:&quot;no&quot;,&quot;_ob_teleporter_use&quot;:false,&quot;_ob_column_hoveranimator&quot;:&quot;no&quot;,&quot;_ob_column_has_pseudo&quot;:&quot;no&quot;}\">\n\t\t\t<div class=\"elementor-widget-wrap\">\n\t\t\t\t\t\t\t<\/div>\n\t\t<\/div>\n\t\t\t\t\t<\/div>\n\t\t<\/section>\n\t\t\t\t<section class=\"ob-is-breaking-bad elementor-section elementor-top-section elementor-element elementor-element-9678bc8 elementor-section-boxed elementor-section-height-default elementor-section-height-default\" data-id=\"9678bc8\" data-element_type=\"section\" data-settings=\"{&quot;jet_parallax_layout_list&quot;:[],&quot;_ob_bbad_use_it&quot;:&quot;yes&quot;,&quot;_ob_bbad_sssic_use&quot;:&quot;no&quot;,&quot;_ob_glider_is_slider&quot;:&quot;no&quot;}\">\n\t\t\t\t\t\t<div class=\"elementor-container elementor-column-gap-default\">\n\t\t\t\t\t<div class=\"elementor-column elementor-col-100 elementor-top-column elementor-element elementor-element-a43f14f\" data-id=\"a43f14f\" data-element_type=\"column\" data-settings=\"{&quot;_ob_bbad_is_stalker&quot;:&quot;no&quot;,&quot;_ob_teleporter_use&quot;:false,&quot;_ob_column_hoveranimator&quot;:&quot;no&quot;,&quot;_ob_column_has_pseudo&quot;:&quot;no&quot;}\">\n\t\t\t<div class=\"elementor-widget-wrap\">\n\t\t\t\t\t\t\t<\/div>\n\t\t<\/div>\n\t\t\t\t\t<\/div>\n\t\t<\/section>\n\t\t\t\t<\/div>","protected":false},"excerpt":{"rendered":"<p>Buchungsanfrage<\/p>","protected":false},"author":1,"featured_media":776,"parent":0,"menu_order":0,"comment_status":"closed","ping_status":"closed","template":"elementor_header_footer","meta":{"footnotes":""},"class_list":["post-284","page","type-page","status-publish","has-post-thumbnail","hentry"],"acf":[],"yoast_head":"<!-- This site is optimized with the Yoast SEO plugin v24.7 - https:\/\/yoast.com\/wordpress\/plugins\/seo\/ -->\n<title>Zapytaj o dost\u0119pno\u015b\u0107 - Baltic Center Domki Sarbinowo<\/title>\n<meta name=\"robots\" content=\"index, follow, max-snippet:-1, max-image-preview:large, max-video-preview:-1\" \/>\n<link rel=\"canonical\" href=\"https:\/\/baltic-center.com\/de\/zapytaj-o-dostepnosc\/\" \/>\n<meta property=\"og:locale\" content=\"de_DE\" \/>\n<meta property=\"og:type\" content=\"article\" \/>\n<meta property=\"og:title\" content=\"Zapytaj o dost\u0119pno\u015b\u0107 - Baltic Center Domki Sarbinowo\" \/>\n<meta property=\"og:description\" content=\"Zapytanie o dost\u0119pno\u015b\u0107\" \/>\n<meta property=\"og:url\" content=\"https:\/\/baltic-center.com\/de\/zapytaj-o-dostepnosc\/\" \/>\n<meta property=\"og:site_name\" content=\"Baltic Center Domki Sarbinowo\" \/>\n<meta property=\"article:modified_time\" content=\"2023-05-07T11:03:05+00:00\" \/>\n<meta property=\"og:image\" content=\"https:\/\/baltic-center.com\/wp-content\/uploads\/2023\/04\/041_baltic-center-sarbinowo_fot-stolz-photography-team-Kopie-2.jpg\" \/>\n\t<meta property=\"og:image:width\" content=\"2560\" \/>\n\t<meta property=\"og:image:height\" content=\"1315\" \/>\n\t<meta property=\"og:image:type\" content=\"image\/jpeg\" \/>\n<meta name=\"twitter:card\" content=\"summary_large_image\" \/>\n<meta name=\"twitter:label1\" content=\"Gesch\u00e4tzte Lesezeit\" \/>\n\t<meta name=\"twitter:data1\" content=\"1 Minute\" \/>\n<script type=\"application\/ld+json\" class=\"yoast-schema-graph\">{\"@context\":\"https:\/\/schema.org\",\"@graph\":[{\"@type\":\"WebPage\",\"@id\":\"https:\/\/baltic-center.com\/zapytaj-o-dostepnosc\/\",\"url\":\"https:\/\/baltic-center.com\/zapytaj-o-dostepnosc\/\",\"name\":\"Zapytaj o dost\u0119pno\u015b\u0107 - Baltic Center Domki Sarbinowo\",\"isPartOf\":{\"@id\":\"https:\/\/baltic-center.com\/#website\"},\"primaryImageOfPage\":{\"@id\":\"https:\/\/baltic-center.com\/zapytaj-o-dostepnosc\/#primaryimage\"},\"image\":{\"@id\":\"https:\/\/baltic-center.com\/zapytaj-o-dostepnosc\/#primaryimage\"},\"thumbnailUrl\":\"https:\/\/baltic-center.com\/wp-content\/uploads\/2023\/04\/041_baltic-center-sarbinowo_fot-stolz-photography-team-Kopie-2.jpg\",\"datePublished\":\"2023-04-05T13:46:32+00:00\",\"dateModified\":\"2023-05-07T11:03:05+00:00\",\"breadcrumb\":{\"@id\":\"https:\/\/baltic-center.com\/zapytaj-o-dostepnosc\/#breadcrumb\"},\"inLanguage\":\"de\",\"potentialAction\":[{\"@type\":\"ReadAction\",\"target\":[\"https:\/\/baltic-center.com\/zapytaj-o-dostepnosc\/\"]}]},{\"@type\":\"ImageObject\",\"inLanguage\":\"de\",\"@id\":\"https:\/\/baltic-center.com\/zapytaj-o-dostepnosc\/#primaryimage\",\"url\":\"https:\/\/baltic-center.com\/wp-content\/uploads\/2023\/04\/041_baltic-center-sarbinowo_fot-stolz-photography-team-Kopie-2.jpg\",\"contentUrl\":\"https:\/\/baltic-center.com\/wp-content\/uploads\/2023\/04\/041_baltic-center-sarbinowo_fot-stolz-photography-team-Kopie-2.jpg\",\"width\":2560,\"height\":1315,\"caption\":\"Baltic Center Sarbinowo - fot. STOLZ Photography Team\"},{\"@type\":\"BreadcrumbList\",\"@id\":\"https:\/\/baltic-center.com\/zapytaj-o-dostepnosc\/#breadcrumb\",\"itemListElement\":[{\"@type\":\"ListItem\",\"position\":1,\"name\":\"Strona g\u0142\u00f3wna\",\"item\":\"https:\/\/baltic-center.com\/\"},{\"@type\":\"ListItem\",\"position\":2,\"name\":\"Zapytaj o dost\u0119pno\u015b\u0107\"}]},{\"@type\":\"WebSite\",\"@id\":\"https:\/\/baltic-center.com\/#website\",\"url\":\"https:\/\/baltic-center.com\/\",\"name\":\"Baltic Center Domki Sarbinowo\",\"description\":\"Zapraszamy do naszych domk&oacute;w na pi\u0119knym wybrze\u017cu Morza Ba\u0142tyckiego w Sarbinowie\",\"potentialAction\":[{\"@type\":\"SearchAction\",\"target\":{\"@type\":\"EntryPoint\",\"urlTemplate\":\"https:\/\/baltic-center.com\/?s={search_term_string}\"},\"query-input\":{\"@type\":\"PropertyValueSpecification\",\"valueRequired\":true,\"valueName\":\"search_term_string\"}}],\"inLanguage\":\"de\"}]}<\/script>\n<!-- \/ Yoast SEO plugin. -->","yoast_head_json":{"title":"Zapytaj o dost\u0119pno\u015b\u0107 - Baltic Center Domki Sarbinowo","robots":{"index":"index","follow":"follow","max-snippet":"max-snippet:-1","max-image-preview":"max-image-preview:large","max-video-preview":"max-video-preview:-1"},"canonical":"https:\/\/baltic-center.com\/de\/zapytaj-o-dostepnosc\/","og_locale":"de_DE","og_type":"article","og_title":"Zapytaj o dost\u0119pno\u015b\u0107 - Baltic Center Domki Sarbinowo","og_description":"Zapytanie o dost\u0119pno\u015b\u0107","og_url":"https:\/\/baltic-center.com\/de\/zapytaj-o-dostepnosc\/","og_site_name":"Baltic Center Domki Sarbinowo","article_modified_time":"2023-05-07T11:03:05+00:00","og_image":[{"width":2560,"height":1315,"url":"https:\/\/baltic-center.com\/wp-content\/uploads\/2023\/04\/041_baltic-center-sarbinowo_fot-stolz-photography-team-Kopie-2.jpg","type":"image\/jpeg"}],"twitter_card":"summary_large_image","twitter_misc":{"Gesch\u00e4tzte Lesezeit":"1 Minute"},"schema":{"@context":"https:\/\/schema.org","@graph":[{"@type":"WebPage","@id":"https:\/\/baltic-center.com\/zapytaj-o-dostepnosc\/","url":"https:\/\/baltic-center.com\/zapytaj-o-dostepnosc\/","name":"Zapytaj o dost\u0119pno\u015b\u0107 - Baltic Center Domki Sarbinowo","isPartOf":{"@id":"https:\/\/baltic-center.com\/#website"},"primaryImageOfPage":{"@id":"https:\/\/baltic-center.com\/zapytaj-o-dostepnosc\/#primaryimage"},"image":{"@id":"https:\/\/baltic-center.com\/zapytaj-o-dostepnosc\/#primaryimage"},"thumbnailUrl":"https:\/\/baltic-center.com\/wp-content\/uploads\/2023\/04\/041_baltic-center-sarbinowo_fot-stolz-photography-team-Kopie-2.jpg","datePublished":"2023-04-05T13:46:32+00:00","dateModified":"2023-05-07T11:03:05+00:00","breadcrumb":{"@id":"https:\/\/baltic-center.com\/zapytaj-o-dostepnosc\/#breadcrumb"},"inLanguage":"de","potentialAction":[{"@type":"ReadAction","target":["https:\/\/baltic-center.com\/zapytaj-o-dostepnosc\/"]}]},{"@type":"ImageObject","inLanguage":"de","@id":"https:\/\/baltic-center.com\/zapytaj-o-dostepnosc\/#primaryimage","url":"https:\/\/baltic-center.com\/wp-content\/uploads\/2023\/04\/041_baltic-center-sarbinowo_fot-stolz-photography-team-Kopie-2.jpg","contentUrl":"https:\/\/baltic-center.com\/wp-content\/uploads\/2023\/04\/041_baltic-center-sarbinowo_fot-stolz-photography-team-Kopie-2.jpg","width":2560,"height":1315,"caption":"Baltic Center Sarbinowo - fot. STOLZ Photography Team"},{"@type":"BreadcrumbList","@id":"https:\/\/baltic-center.com\/zapytaj-o-dostepnosc\/#breadcrumb","itemListElement":[{"@type":"ListItem","position":1,"name":"Strona g\u0142\u00f3wna","item":"https:\/\/baltic-center.com\/"},{"@type":"ListItem","position":2,"name":"Zapytaj o dost\u0119pno\u015b\u0107"}]},{"@type":"WebSite","@id":"https:\/\/baltic-center.com\/#website","url":"https:\/\/baltic-center.com\/","name":"Baltic Center Domki Sarbinowo","description":"Zapraszamy do naszych domk&oacute;w na pi\u0119knym wybrze\u017cu Morza Ba\u0142tyckiego w Sarbinowie","potentialAction":[{"@type":"SearchAction","target":{"@type":"EntryPoint","urlTemplate":"https:\/\/baltic-center.com\/?s={search_term_string}"},"query-input":{"@type":"PropertyValueSpecification","valueRequired":true,"valueName":"search_term_string"}}],"inLanguage":"de"}]}},"_links":{"self":[{"href":"https:\/\/baltic-center.com\/de\/wp-json\/wp\/v2\/pages\/284","targetHints":{"allow":["GET"]}}],"collection":[{"href":"https:\/\/baltic-center.com\/de\/wp-json\/wp\/v2\/pages"}],"about":[{"href":"https:\/\/baltic-center.com\/de\/wp-json\/wp\/v2\/types\/page"}],"author":[{"embeddable":true,"href":"https:\/\/baltic-center.com\/de\/wp-json\/wp\/v2\/users\/1"}],"replies":[{"embeddable":true,"href":"https:\/\/baltic-center.com\/de\/wp-json\/wp\/v2\/comments?post=284"}],"version-history":[{"count":55,"href":"https:\/\/baltic-center.com\/de\/wp-json\/wp\/v2\/pages\/284\/revisions"}],"predecessor-version":[{"id":943,"href":"https:\/\/baltic-center.com\/de\/wp-json\/wp\/v2\/pages\/284\/revisions\/943"}],"wp:featuredmedia":[{"embeddable":true,"href":"https:\/\/baltic-center.com\/de\/wp-json\/wp\/v2\/media\/776"}],"wp:attachment":[{"href":"https:\/\/baltic-center.com\/de\/wp-json\/wp\/v2\/media?parent=284"}],"curies":[{"name":"wp","href":"https:\/\/api.w.org\/{rel}","templated":true}]}}