{"id":87,"date":"2023-03-28T12:34:12","date_gmt":"2023-03-28T12:34:12","guid":{"rendered":"http:\/\/baltic-center.com\/?page_id=87"},"modified":"2023-04-21T11:37:09","modified_gmt":"2023-04-21T11:37:09","slug":"info","status":"publish","type":"page","link":"https:\/\/baltic-center.com\/de\/info\/","title":{"rendered":"Info"},"content":{"rendered":"<div data-elementor-type=\"wp-page\" data-elementor-id=\"87\" class=\"elementor elementor-87\" data-elementor-post-type=\"page\">\n\t\t\t\t\t\t<section class=\"ob-is-breaking-bad elementor-section elementor-top-section elementor-element elementor-element-67769929 elementor-section-boxed elementor-section-height-default elementor-section-height-default\" data-id=\"67769929\" data-element_type=\"section\" data-settings=\"{&quot;jet_parallax_layout_list&quot;:[],&quot;_ob_bbad_use_it&quot;:&quot;yes&quot;,&quot;_ob_bbad_sssic_use&quot;:&quot;no&quot;,&quot;_ob_glider_is_slider&quot;:&quot;no&quot;}\">\n\t\t\t\t\t\t<div class=\"elementor-container elementor-column-gap-default\">\n\t\t\t\t\t<div class=\"elementor-column elementor-col-25 elementor-top-column elementor-element elementor-element-9746820\" data-id=\"9746820\" data-element_type=\"column\" data-settings=\"{&quot;_ob_bbad_is_stalker&quot;:&quot;no&quot;,&quot;_ob_teleporter_use&quot;:false,&quot;_ob_column_hoveranimator&quot;:&quot;no&quot;,&quot;_ob_column_has_pseudo&quot;:&quot;no&quot;}\">\n\t\t\t<div class=\"elementor-widget-wrap\">\n\t\t\t\t\t\t\t<\/div>\n\t\t<\/div>\n\t\t\t\t<div class=\"elementor-column elementor-col-50 elementor-top-column elementor-element elementor-element-819537b\" data-id=\"819537b\" data-element_type=\"column\" data-settings=\"{&quot;_ob_bbad_is_stalker&quot;:&quot;no&quot;,&quot;_ob_teleporter_use&quot;:false,&quot;_ob_column_hoveranimator&quot;:&quot;no&quot;,&quot;_ob_column_has_pseudo&quot;:&quot;no&quot;}\">\n\t\t\t<div class=\"elementor-widget-wrap elementor-element-populated\">\n\t\t\t\t\t\t<div class=\"elementor-element elementor-element-13fa7471 ob-harakiri-inherit ob-has-background-overlay elementor-widget elementor-widget-text-editor\" data-id=\"13fa7471\" data-element_type=\"widget\" data-settings=\"{&quot;_ob_use_harakiri&quot;:&quot;yes&quot;,&quot;_ob_harakiri_writing_mode&quot;:&quot;inherit&quot;,&quot;_ob_postman_use&quot;:&quot;no&quot;,&quot;_ob_perspektive_use&quot;:&quot;no&quot;,&quot;_ob_poopart_use&quot;:&quot;yes&quot;,&quot;_ob_shadough_use&quot;:&quot;no&quot;,&quot;_ob_allow_hoveranimator&quot;:&quot;no&quot;,&quot;_ob_widget_stalker_use&quot;:&quot;no&quot;}\" data-widget_type=\"text-editor.default\">\n\t\t\t\t<div class=\"elementor-widget-container\">\n\t\t\t\t\t\t\t\t\t<p>Willkommen im Baltic Center Bungalows!<\/p><p>die gute Jodhaltige Luft, die unendlichen Weiten des Meeres, die traumhaften Sonnenunterg\u00e4nge die uns unseren Augen auftun, die unser Areal am Abend mit Rosa Roten Sonnenstrahlen verzaubern. Wir lieben die Ruhe und die naturbelassene Sch\u00f6nheit eines kleinen Fleckchens in dem Ort in dem es auch so bunten und lebhaft zugehen kann.\u00a0<\/p>\t\t\t\t\t\t\t\t<\/div>\n\t\t\t\t<\/div>\n\t\t\t\t\t<\/div>\n\t\t<\/div>\n\t\t\t\t<div class=\"elementor-column elementor-col-25 elementor-top-column elementor-element elementor-element-adb187b\" data-id=\"adb187b\" data-element_type=\"column\" data-settings=\"{&quot;_ob_bbad_is_stalker&quot;:&quot;no&quot;,&quot;_ob_teleporter_use&quot;:false,&quot;_ob_column_hoveranimator&quot;:&quot;no&quot;,&quot;_ob_column_has_pseudo&quot;:&quot;no&quot;}\">\n\t\t\t<div class=\"elementor-widget-wrap\">\n\t\t\t\t\t\t\t<\/div>\n\t\t<\/div>\n\t\t\t\t\t<\/div>\n\t\t<\/section>\n\t\t\t\t<section class=\"ob-is-breaking-bad elementor-section elementor-top-section elementor-element elementor-element-76ad07d elementor-section-boxed elementor-section-height-default elementor-section-height-default\" data-id=\"76ad07d\" data-element_type=\"section\" data-settings=\"{&quot;jet_parallax_layout_list&quot;:[],&quot;_ob_bbad_use_it&quot;:&quot;yes&quot;,&quot;_ob_bbad_sssic_use&quot;:&quot;no&quot;,&quot;_ob_glider_is_slider&quot;:&quot;no&quot;}\">\n\t\t\t\t\t\t<div class=\"elementor-container elementor-column-gap-default\">\n\t\t\t\t\t<div class=\"elementor-column elementor-col-33 elementor-top-column elementor-element elementor-element-d9e11ad\" data-id=\"d9e11ad\" data-element_type=\"column\" data-settings=\"{&quot;_ob_bbad_is_stalker&quot;:&quot;no&quot;,&quot;_ob_teleporter_use&quot;:false,&quot;_ob_column_hoveranimator&quot;:&quot;no&quot;,&quot;_ob_column_has_pseudo&quot;:&quot;no&quot;}\">\n\t\t\t<div class=\"elementor-widget-wrap elementor-element-populated\">\n\t\t\t\t\t\t<div class=\"elementor-element elementor-element-dd61d8e underline-title link-hover elementor-position-top ob-has-background-overlay elementor-widget elementor-widget-image-box\" data-id=\"dd61d8e\" data-element_type=\"widget\" data-settings=\"{&quot;_ob_perspektive_use&quot;:&quot;no&quot;,&quot;_ob_poopart_use&quot;:&quot;yes&quot;,&quot;_ob_shadough_use&quot;:&quot;no&quot;,&quot;_ob_allow_hoveranimator&quot;:&quot;no&quot;,&quot;_ob_widget_stalker_use&quot;:&quot;no&quot;}\" data-widget_type=\"image-box.default\">\n\t\t\t\t<div class=\"elementor-widget-container\">\n\t\t\t\t\t<div class=\"elementor-image-box-wrapper\"><figure class=\"elementor-image-box-img\"><a href=\"\/de\/info\/o-nas\/\" tabindex=\"-1\"><img fetchpriority=\"high\" decoding=\"async\" width=\"2000\" height=\"1333\" src=\"https:\/\/baltic-center.com\/wp-content\/uploads\/2023\/04\/O-NAS-1-1.jpg\" class=\"attachment-full size-full wp-image-383\" alt=\"\" srcset=\"https:\/\/baltic-center.com\/wp-content\/uploads\/2023\/04\/O-NAS-1-1.jpg 2000w, https:\/\/baltic-center.com\/wp-content\/uploads\/2023\/04\/O-NAS-1-1-600x400.jpg 600w, https:\/\/baltic-center.com\/wp-content\/uploads\/2023\/04\/O-NAS-1-1-1200x800.jpg 1200w, https:\/\/baltic-center.com\/wp-content\/uploads\/2023\/04\/O-NAS-1-1-768x512.jpg 768w, https:\/\/baltic-center.com\/wp-content\/uploads\/2023\/04\/O-NAS-1-1-1536x1024.jpg 1536w\" sizes=\"(max-width: 2000px) 100vw, 2000px\" \/><\/a><\/figure><div class=\"elementor-image-box-content\"><h5 class=\"elementor-image-box-title\"><a href=\"\/de\/info\/o-nas\/\">\u00dcber uns<\/a><\/h5><\/div><\/div>\t\t\t\t<\/div>\n\t\t\t\t<\/div>\n\t\t\t\t\t<\/div>\n\t\t<\/div>\n\t\t\t\t<div class=\"elementor-column elementor-col-33 elementor-top-column elementor-element elementor-element-179daa2\" data-id=\"179daa2\" data-element_type=\"column\" data-settings=\"{&quot;_ob_bbad_is_stalker&quot;:&quot;no&quot;,&quot;_ob_teleporter_use&quot;:false,&quot;_ob_column_hoveranimator&quot;:&quot;no&quot;,&quot;_ob_column_has_pseudo&quot;:&quot;no&quot;}\">\n\t\t\t<div class=\"elementor-widget-wrap elementor-element-populated\">\n\t\t\t\t\t\t<div class=\"elementor-element elementor-element-8961f48 underline-title link-hover elementor-position-top ob-has-background-overlay elementor-widget elementor-widget-image-box\" data-id=\"8961f48\" data-element_type=\"widget\" data-settings=\"{&quot;_ob_perspektive_use&quot;:&quot;no&quot;,&quot;_ob_poopart_use&quot;:&quot;yes&quot;,&quot;_ob_shadough_use&quot;:&quot;no&quot;,&quot;_ob_allow_hoveranimator&quot;:&quot;no&quot;,&quot;_ob_widget_stalker_use&quot;:&quot;no&quot;}\" data-widget_type=\"image-box.default\">\n\t\t\t\t<div class=\"elementor-widget-container\">\n\t\t\t\t\t<div class=\"elementor-image-box-wrapper\"><figure class=\"elementor-image-box-img\"><a href=\"\/de\/info\/otoczenie-i-obiekt\/\" tabindex=\"-1\"><img decoding=\"async\" width=\"2000\" height=\"1332\" src=\"https:\/\/baltic-center.com\/wp-content\/uploads\/2023\/04\/OTOCZENIE-OBIEKT.jpg\" class=\"attachment-full size-full wp-image-385\" alt=\"\" srcset=\"https:\/\/baltic-center.com\/wp-content\/uploads\/2023\/04\/OTOCZENIE-OBIEKT.jpg 2000w, https:\/\/baltic-center.com\/wp-content\/uploads\/2023\/04\/OTOCZENIE-OBIEKT-600x400.jpg 600w, https:\/\/baltic-center.com\/wp-content\/uploads\/2023\/04\/OTOCZENIE-OBIEKT-1200x799.jpg 1200w, https:\/\/baltic-center.com\/wp-content\/uploads\/2023\/04\/OTOCZENIE-OBIEKT-768x511.jpg 768w, https:\/\/baltic-center.com\/wp-content\/uploads\/2023\/04\/OTOCZENIE-OBIEKT-1536x1023.jpg 1536w\" sizes=\"(max-width: 2000px) 100vw, 2000px\" \/><\/a><\/figure><div class=\"elementor-image-box-content\"><h5 class=\"elementor-image-box-title\"><a href=\"\/de\/info\/otoczenie-i-obiekt\/\">Umgebung &amp; Anlage<\/a><\/h5><\/div><\/div>\t\t\t\t<\/div>\n\t\t\t\t<\/div>\n\t\t\t\t\t<\/div>\n\t\t<\/div>\n\t\t\t\t<div class=\"elementor-column elementor-col-33 elementor-top-column elementor-element elementor-element-2c79d96\" data-id=\"2c79d96\" data-element_type=\"column\" data-settings=\"{&quot;_ob_bbad_is_stalker&quot;:&quot;no&quot;,&quot;_ob_teleporter_use&quot;:false,&quot;_ob_column_hoveranimator&quot;:&quot;no&quot;,&quot;_ob_column_has_pseudo&quot;:&quot;no&quot;}\">\n\t\t\t<div class=\"elementor-widget-wrap elementor-element-populated\">\n\t\t\t\t\t\t<div class=\"elementor-element elementor-element-f08436a underline-title link-hover elementor-position-top ob-has-background-overlay elementor-widget elementor-widget-image-box\" data-id=\"f08436a\" data-element_type=\"widget\" data-settings=\"{&quot;_ob_perspektive_use&quot;:&quot;no&quot;,&quot;_ob_poopart_use&quot;:&quot;yes&quot;,&quot;_ob_shadough_use&quot;:&quot;no&quot;,&quot;_ob_allow_hoveranimator&quot;:&quot;no&quot;,&quot;_ob_widget_stalker_use&quot;:&quot;no&quot;}\" data-widget_type=\"image-box.default\">\n\t\t\t\t<div class=\"elementor-widget-container\">\n\t\t\t\t\t<div class=\"elementor-image-box-wrapper\"><figure class=\"elementor-image-box-img\"><a href=\"\/de\/info\/warto-wiedziec\/\" tabindex=\"-1\"><img decoding=\"async\" width=\"2003\" height=\"1391\" src=\"https:\/\/baltic-center.com\/wp-content\/uploads\/2023\/04\/WARTO-WIEDZIEC-1.jpg\" class=\"attachment-full size-full wp-image-386\" alt=\"\" srcset=\"https:\/\/baltic-center.com\/wp-content\/uploads\/2023\/04\/WARTO-WIEDZIEC-1.jpg 2003w, https:\/\/baltic-center.com\/wp-content\/uploads\/2023\/04\/WARTO-WIEDZIEC-1-600x417.jpg 600w, https:\/\/baltic-center.com\/wp-content\/uploads\/2023\/04\/WARTO-WIEDZIEC-1-1200x833.jpg 1200w, https:\/\/baltic-center.com\/wp-content\/uploads\/2023\/04\/WARTO-WIEDZIEC-1-768x533.jpg 768w, https:\/\/baltic-center.com\/wp-content\/uploads\/2023\/04\/WARTO-WIEDZIEC-1-1536x1067.jpg 1536w\" sizes=\"(max-width: 2003px) 100vw, 2003px\" \/><\/a><\/figure><div class=\"elementor-image-box-content\"><h5 class=\"elementor-image-box-title\"><a href=\"\/de\/info\/warto-wiedziec\/\">Wissenswertes<\/a><\/h5><\/div><\/div>\t\t\t\t<\/div>\n\t\t\t\t<\/div>\n\t\t\t\t\t<\/div>\n\t\t<\/div>\n\t\t\t\t\t<\/div>\n\t\t<\/section>\n\t\t\t\t<\/div>","protected":false},"excerpt":{"rendered":"<p>Witamy w Baltic Center Bungalows! \u015awie\u017ce powietrze pe\u0142ne zdrowego jodu, bezkresne morze, wymarzone zachody s\u0142o\u0144ca, otwieraj\u0105 nam oczy, a wieczorami czaruj\u0105 nasz\u0105 okolic\u0119 r\u00f3\u017cowo-czerwonymi promieniami s\u0142o\u0144ca. Uwielbiamy spok\u00f3j i naturalne pi\u0119kno naszego zak\u0105tka w miejscu, w kt\u00f3rym mo\u017ce by\u0107 te\u017c kolorowo i gwarnie.\u00a0 O nas otoczenie i obiekt WARTO WIEDZIEC<\/p>","protected":false},"author":1,"featured_media":377,"parent":0,"menu_order":0,"comment_status":"closed","ping_status":"closed","template":"","meta":{"footnotes":""},"class_list":["post-87","page","type-page","status-publish","has-post-thumbnail","hentry"],"acf":[],"yoast_head":"<!-- This site is optimized with the Yoast SEO plugin v24.7 - https:\/\/yoast.com\/wordpress\/plugins\/seo\/ -->\n<title>Info - Baltic Center Domki Sarbinowo<\/title>\n<meta name=\"robots\" content=\"index, follow, max-snippet:-1, max-image-preview:large, max-video-preview:-1\" \/>\n<link rel=\"canonical\" href=\"https:\/\/baltic-center.com\/de\/info\/\" \/>\n<meta property=\"og:locale\" content=\"de_DE\" \/>\n<meta property=\"og:type\" content=\"article\" \/>\n<meta property=\"og:title\" content=\"Info - Baltic Center Domki Sarbinowo\" \/>\n<meta property=\"og:description\" content=\"Witamy w Baltic Center Bungalows! \u015awie\u017ce powietrze pe\u0142ne zdrowego jodu, bezkresne morze, wymarzone zachody s\u0142o\u0144ca, otwieraj\u0105 nam oczy, a wieczorami czaruj\u0105 nasz\u0105 okolic\u0119 r\u00f3\u017cowo-czerwonymi promieniami s\u0142o\u0144ca. Uwielbiamy spok\u00f3j i naturalne pi\u0119kno naszego zak\u0105tka w miejscu, w kt\u00f3rym mo\u017ce by\u0107 te\u017c kolorowo i gwarnie.\u00a0 O nas otoczenie i obiekt WARTO WIEDZIEC\" \/>\n<meta property=\"og:url\" content=\"https:\/\/baltic-center.com\/de\/info\/\" \/>\n<meta property=\"og:site_name\" content=\"Baltic Center Domki Sarbinowo\" \/>\n<meta property=\"article:modified_time\" content=\"2023-04-21T11:37:09+00:00\" \/>\n<meta property=\"og:image\" content=\"https:\/\/baltic-center.com\/wp-content\/uploads\/2023\/04\/A-scaled.jpg\" \/>\n\t<meta property=\"og:image:width\" content=\"2560\" \/>\n\t<meta property=\"og:image:height\" content=\"1706\" \/>\n\t<meta property=\"og:image:type\" content=\"image\/jpeg\" \/>\n<meta name=\"twitter:card\" content=\"summary_large_image\" \/>\n<meta name=\"twitter:label1\" content=\"Gesch\u00e4tzte Lesezeit\" \/>\n\t<meta name=\"twitter:data1\" content=\"1 Minute\" \/>\n<script type=\"application\/ld+json\" class=\"yoast-schema-graph\">{\"@context\":\"https:\/\/schema.org\",\"@graph\":[{\"@type\":\"WebPage\",\"@id\":\"https:\/\/baltic-center.com\/info\/\",\"url\":\"https:\/\/baltic-center.com\/info\/\",\"name\":\"Info - Baltic Center Domki Sarbinowo\",\"isPartOf\":{\"@id\":\"https:\/\/baltic-center.com\/#website\"},\"primaryImageOfPage\":{\"@id\":\"https:\/\/baltic-center.com\/info\/#primaryimage\"},\"image\":{\"@id\":\"https:\/\/baltic-center.com\/info\/#primaryimage\"},\"thumbnailUrl\":\"https:\/\/baltic-center.com\/wp-content\/uploads\/2023\/04\/A-scaled.jpg\",\"datePublished\":\"2023-03-28T12:34:12+00:00\",\"dateModified\":\"2023-04-21T11:37:09+00:00\",\"breadcrumb\":{\"@id\":\"https:\/\/baltic-center.com\/info\/#breadcrumb\"},\"inLanguage\":\"de\",\"potentialAction\":[{\"@type\":\"ReadAction\",\"target\":[\"https:\/\/baltic-center.com\/info\/\"]}]},{\"@type\":\"ImageObject\",\"inLanguage\":\"de\",\"@id\":\"https:\/\/baltic-center.com\/info\/#primaryimage\",\"url\":\"https:\/\/baltic-center.com\/wp-content\/uploads\/2023\/04\/A-scaled.jpg\",\"contentUrl\":\"https:\/\/baltic-center.com\/wp-content\/uploads\/2023\/04\/A-scaled.jpg\",\"width\":2560,\"height\":1706,\"caption\":\"Baltic Center Sarbinowo - fot. STOLZ Photography Team\"},{\"@type\":\"BreadcrumbList\",\"@id\":\"https:\/\/baltic-center.com\/info\/#breadcrumb\",\"itemListElement\":[{\"@type\":\"ListItem\",\"position\":1,\"name\":\"Strona g\u0142\u00f3wna\",\"item\":\"https:\/\/baltic-center.com\/\"},{\"@type\":\"ListItem\",\"position\":2,\"name\":\"Info\"}]},{\"@type\":\"WebSite\",\"@id\":\"https:\/\/baltic-center.com\/#website\",\"url\":\"https:\/\/baltic-center.com\/\",\"name\":\"Baltic Center Domki Sarbinowo\",\"description\":\"Zapraszamy do naszych domk&oacute;w na pi\u0119knym wybrze\u017cu Morza Ba\u0142tyckiego w Sarbinowie\",\"potentialAction\":[{\"@type\":\"SearchAction\",\"target\":{\"@type\":\"EntryPoint\",\"urlTemplate\":\"https:\/\/baltic-center.com\/?s={search_term_string}\"},\"query-input\":{\"@type\":\"PropertyValueSpecification\",\"valueRequired\":true,\"valueName\":\"search_term_string\"}}],\"inLanguage\":\"de\"}]}<\/script>\n<!-- \/ Yoast SEO plugin. -->","yoast_head_json":{"title":"Info - Baltic Center Domki Sarbinowo","robots":{"index":"index","follow":"follow","max-snippet":"max-snippet:-1","max-image-preview":"max-image-preview:large","max-video-preview":"max-video-preview:-1"},"canonical":"https:\/\/baltic-center.com\/de\/info\/","og_locale":"de_DE","og_type":"article","og_title":"Info - Baltic Center Domki Sarbinowo","og_description":"Witamy w Baltic Center Bungalows! \u015awie\u017ce powietrze pe\u0142ne zdrowego jodu, bezkresne morze, wymarzone zachody s\u0142o\u0144ca, otwieraj\u0105 nam oczy, a wieczorami czaruj\u0105 nasz\u0105 okolic\u0119 r\u00f3\u017cowo-czerwonymi promieniami s\u0142o\u0144ca. Uwielbiamy spok\u00f3j i naturalne pi\u0119kno naszego zak\u0105tka w miejscu, w kt\u00f3rym mo\u017ce by\u0107 te\u017c kolorowo i gwarnie.\u00a0 O nas otoczenie i obiekt WARTO WIEDZIEC","og_url":"https:\/\/baltic-center.com\/de\/info\/","og_site_name":"Baltic Center Domki Sarbinowo","article_modified_time":"2023-04-21T11:37:09+00:00","og_image":[{"width":2560,"height":1706,"url":"https:\/\/baltic-center.com\/wp-content\/uploads\/2023\/04\/A-scaled.jpg","type":"image\/jpeg"}],"twitter_card":"summary_large_image","twitter_misc":{"Gesch\u00e4tzte Lesezeit":"1 Minute"},"schema":{"@context":"https:\/\/schema.org","@graph":[{"@type":"WebPage","@id":"https:\/\/baltic-center.com\/info\/","url":"https:\/\/baltic-center.com\/info\/","name":"Info - Baltic Center Domki Sarbinowo","isPartOf":{"@id":"https:\/\/baltic-center.com\/#website"},"primaryImageOfPage":{"@id":"https:\/\/baltic-center.com\/info\/#primaryimage"},"image":{"@id":"https:\/\/baltic-center.com\/info\/#primaryimage"},"thumbnailUrl":"https:\/\/baltic-center.com\/wp-content\/uploads\/2023\/04\/A-scaled.jpg","datePublished":"2023-03-28T12:34:12+00:00","dateModified":"2023-04-21T11:37:09+00:00","breadcrumb":{"@id":"https:\/\/baltic-center.com\/info\/#breadcrumb"},"inLanguage":"de","potentialAction":[{"@type":"ReadAction","target":["https:\/\/baltic-center.com\/info\/"]}]},{"@type":"ImageObject","inLanguage":"de","@id":"https:\/\/baltic-center.com\/info\/#primaryimage","url":"https:\/\/baltic-center.com\/wp-content\/uploads\/2023\/04\/A-scaled.jpg","contentUrl":"https:\/\/baltic-center.com\/wp-content\/uploads\/2023\/04\/A-scaled.jpg","width":2560,"height":1706,"caption":"Baltic Center Sarbinowo - fot. STOLZ Photography Team"},{"@type":"BreadcrumbList","@id":"https:\/\/baltic-center.com\/info\/#breadcrumb","itemListElement":[{"@type":"ListItem","position":1,"name":"Strona g\u0142\u00f3wna","item":"https:\/\/baltic-center.com\/"},{"@type":"ListItem","position":2,"name":"Info"}]},{"@type":"WebSite","@id":"https:\/\/baltic-center.com\/#website","url":"https:\/\/baltic-center.com\/","name":"Baltic Center Domki Sarbinowo","description":"Zapraszamy do naszych domk&oacute;w na pi\u0119knym wybrze\u017cu Morza Ba\u0142tyckiego w Sarbinowie","potentialAction":[{"@type":"SearchAction","target":{"@type":"EntryPoint","urlTemplate":"https:\/\/baltic-center.com\/?s={search_term_string}"},"query-input":{"@type":"PropertyValueSpecification","valueRequired":true,"valueName":"search_term_string"}}],"inLanguage":"de"}]}},"_links":{"self":[{"href":"https:\/\/baltic-center.com\/de\/wp-json\/wp\/v2\/pages\/87","targetHints":{"allow":["GET"]}}],"collection":[{"href":"https:\/\/baltic-center.com\/de\/wp-json\/wp\/v2\/pages"}],"about":[{"href":"https:\/\/baltic-center.com\/de\/wp-json\/wp\/v2\/types\/page"}],"author":[{"embeddable":true,"href":"https:\/\/baltic-center.com\/de\/wp-json\/wp\/v2\/users\/1"}],"replies":[{"embeddable":true,"href":"https:\/\/baltic-center.com\/de\/wp-json\/wp\/v2\/comments?post=87"}],"version-history":[{"count":29,"href":"https:\/\/baltic-center.com\/de\/wp-json\/wp\/v2\/pages\/87\/revisions"}],"predecessor-version":[{"id":807,"href":"https:\/\/baltic-center.com\/de\/wp-json\/wp\/v2\/pages\/87\/revisions\/807"}],"wp:featuredmedia":[{"embeddable":true,"href":"https:\/\/baltic-center.com\/de\/wp-json\/wp\/v2\/media\/377"}],"wp:attachment":[{"href":"https:\/\/baltic-center.com\/de\/wp-json\/wp\/v2\/media?parent=87"}],"curies":[{"name":"wp","href":"https:\/\/api.w.org\/{rel}","templated":true}]}}