{"id":89,"date":"2023-03-28T12:34:19","date_gmt":"2023-03-28T12:34:19","guid":{"rendered":"http:\/\/baltic-center.com\/?page_id=89"},"modified":"2023-04-21T11:42:56","modified_gmt":"2023-04-21T11:42:56","slug":"noclegi","status":"publish","type":"page","link":"https:\/\/baltic-center.com\/de\/noclegi\/","title":{"rendered":"Wohnen"},"content":{"rendered":"<div data-elementor-type=\"wp-page\" data-elementor-id=\"89\" class=\"elementor elementor-89\" data-elementor-post-type=\"page\">\n\t\t\t\t\t\t<section class=\"ob-is-breaking-bad elementor-section elementor-top-section elementor-element elementor-element-15cc4b21 elementor-section-boxed elementor-section-height-default elementor-section-height-default\" data-id=\"15cc4b21\" data-element_type=\"section\" data-settings=\"{&quot;jet_parallax_layout_list&quot;:[],&quot;_ob_bbad_use_it&quot;:&quot;yes&quot;,&quot;_ob_bbad_sssic_use&quot;:&quot;no&quot;,&quot;_ob_glider_is_slider&quot;:&quot;no&quot;}\">\n\t\t\t\t\t\t<div class=\"elementor-container elementor-column-gap-default\">\n\t\t\t\t\t<div class=\"elementor-column elementor-col-33 elementor-top-column elementor-element elementor-element-2e1a5236\" data-id=\"2e1a5236\" data-element_type=\"column\" data-settings=\"{&quot;_ob_bbad_is_stalker&quot;:&quot;no&quot;,&quot;_ob_teleporter_use&quot;:false,&quot;_ob_column_hoveranimator&quot;:&quot;no&quot;,&quot;_ob_column_has_pseudo&quot;:&quot;no&quot;}\">\n\t\t\t<div class=\"elementor-widget-wrap\">\n\t\t\t\t\t\t\t<\/div>\n\t\t<\/div>\n\t\t\t\t<div class=\"elementor-column elementor-col-33 elementor-top-column elementor-element elementor-element-6550143\" data-id=\"6550143\" data-element_type=\"column\" data-settings=\"{&quot;_ob_bbad_is_stalker&quot;:&quot;no&quot;,&quot;_ob_teleporter_use&quot;:false,&quot;_ob_column_hoveranimator&quot;:&quot;no&quot;,&quot;_ob_column_has_pseudo&quot;:&quot;no&quot;}\">\n\t\t\t<div class=\"elementor-widget-wrap elementor-element-populated\">\n\t\t\t\t\t\t<div class=\"elementor-element elementor-element-47e3b14 ob-harakiri-inherit ob-has-background-overlay elementor-widget elementor-widget-text-editor\" data-id=\"47e3b14\" data-element_type=\"widget\" data-settings=\"{&quot;_ob_use_harakiri&quot;:&quot;yes&quot;,&quot;_ob_harakiri_writing_mode&quot;:&quot;inherit&quot;,&quot;_ob_postman_use&quot;:&quot;no&quot;,&quot;_ob_perspektive_use&quot;:&quot;no&quot;,&quot;_ob_poopart_use&quot;:&quot;yes&quot;,&quot;_ob_shadough_use&quot;:&quot;no&quot;,&quot;_ob_allow_hoveranimator&quot;:&quot;no&quot;,&quot;_ob_widget_stalker_use&quot;:&quot;no&quot;}\" data-widget_type=\"text-editor.default\">\n\t\t\t\t<div class=\"elementor-widget-container\">\n\t\t\t\t\t\t\t\t\tWir schaffen einen Raum, im Gr\u00fcnen der Natur, mit unseren freistehenden Bungalows bieten wir die M\u00f6glichkeit sich zur\u00fcckzuziehen, zu genie\u00dfen und zu entspannen, oder auch des Zusammenseins mit der Familie, mit Freunden, \nmit genau den Personen, die das Leben so viel kostbarer machen.\t\t\t\t\t\t\t\t<\/div>\n\t\t\t\t<\/div>\n\t\t\t\t\t<\/div>\n\t\t<\/div>\n\t\t\t\t<div class=\"elementor-column elementor-col-33 elementor-top-column elementor-element elementor-element-b0c125e\" data-id=\"b0c125e\" data-element_type=\"column\" data-settings=\"{&quot;_ob_bbad_is_stalker&quot;:&quot;no&quot;,&quot;_ob_teleporter_use&quot;:false,&quot;_ob_column_hoveranimator&quot;:&quot;no&quot;,&quot;_ob_column_has_pseudo&quot;:&quot;no&quot;}\">\n\t\t\t<div class=\"elementor-widget-wrap\">\n\t\t\t\t\t\t\t<\/div>\n\t\t<\/div>\n\t\t\t\t\t<\/div>\n\t\t<\/section>\n\t\t\t\t<section class=\"ob-is-breaking-bad elementor-section elementor-top-section elementor-element elementor-element-1bd306b elementor-section-boxed elementor-section-height-default elementor-section-height-default\" data-id=\"1bd306b\" data-element_type=\"section\" data-settings=\"{&quot;jet_parallax_layout_list&quot;:[],&quot;_ob_bbad_use_it&quot;:&quot;yes&quot;,&quot;_ob_bbad_sssic_use&quot;:&quot;no&quot;,&quot;_ob_glider_is_slider&quot;:&quot;no&quot;}\">\n\t\t\t\t\t\t<div class=\"elementor-container elementor-column-gap-default\">\n\t\t\t\t\t<div class=\"elementor-column elementor-col-33 elementor-top-column elementor-element elementor-element-aa899bb\" data-id=\"aa899bb\" data-element_type=\"column\" data-settings=\"{&quot;_ob_bbad_is_stalker&quot;:&quot;no&quot;,&quot;_ob_teleporter_use&quot;:false,&quot;_ob_column_hoveranimator&quot;:&quot;no&quot;,&quot;_ob_column_has_pseudo&quot;:&quot;no&quot;}\">\n\t\t\t<div class=\"elementor-widget-wrap elementor-element-populated\">\n\t\t\t\t\t\t<div class=\"elementor-element elementor-element-3c0b8d1 underline-title link-hover elementor-position-top ob-has-background-overlay elementor-widget elementor-widget-image-box\" data-id=\"3c0b8d1\" data-element_type=\"widget\" data-settings=\"{&quot;_ob_perspektive_use&quot;:&quot;no&quot;,&quot;_ob_poopart_use&quot;:&quot;yes&quot;,&quot;_ob_shadough_use&quot;:&quot;no&quot;,&quot;_ob_allow_hoveranimator&quot;:&quot;no&quot;,&quot;_ob_widget_stalker_use&quot;:&quot;no&quot;}\" data-widget_type=\"image-box.default\">\n\t\t\t\t<div class=\"elementor-widget-container\">\n\t\t\t\t\t<div class=\"elementor-image-box-wrapper\"><figure class=\"elementor-image-box-img\"><a href=\"\/de\/bungalowy\/\" tabindex=\"-1\"><img fetchpriority=\"high\" decoding=\"async\" width=\"2560\" height=\"1707\" src=\"https:\/\/baltic-center.com\/wp-content\/uploads\/2023\/04\/1-1-scaled.jpg\" class=\"attachment-full size-full wp-image-210\" alt=\"\" srcset=\"https:\/\/baltic-center.com\/wp-content\/uploads\/2023\/04\/1-1-scaled.jpg 2560w, https:\/\/baltic-center.com\/wp-content\/uploads\/2023\/04\/1-1-600x400.jpg 600w, https:\/\/baltic-center.com\/wp-content\/uploads\/2023\/04\/1-1-1200x800.jpg 1200w, https:\/\/baltic-center.com\/wp-content\/uploads\/2023\/04\/1-1-768x512.jpg 768w, https:\/\/baltic-center.com\/wp-content\/uploads\/2023\/04\/1-1-1536x1024.jpg 1536w, https:\/\/baltic-center.com\/wp-content\/uploads\/2023\/04\/1-1-2048x1366.jpg 2048w\" sizes=\"(max-width: 2560px) 100vw, 2560px\" \/><\/a><\/figure><div class=\"elementor-image-box-content\"><h5 class=\"elementor-image-box-title\"><a href=\"\/de\/bungalowy\/\">Bungalows<\/a><\/h5><\/div><\/div>\t\t\t\t<\/div>\n\t\t\t\t<\/div>\n\t\t\t\t\t<\/div>\n\t\t<\/div>\n\t\t\t\t<div class=\"elementor-column elementor-col-33 elementor-top-column elementor-element elementor-element-ff5830d\" data-id=\"ff5830d\" data-element_type=\"column\" data-settings=\"{&quot;_ob_bbad_is_stalker&quot;:&quot;no&quot;,&quot;_ob_teleporter_use&quot;:false,&quot;_ob_column_hoveranimator&quot;:&quot;no&quot;,&quot;_ob_column_has_pseudo&quot;:&quot;no&quot;}\">\n\t\t\t<div class=\"elementor-widget-wrap elementor-element-populated\">\n\t\t\t\t\t\t<div class=\"elementor-element elementor-element-d5d3e82 underline-title link-hover elementor-position-top ob-has-background-overlay elementor-widget elementor-widget-image-box\" data-id=\"d5d3e82\" data-element_type=\"widget\" data-settings=\"{&quot;_ob_perspektive_use&quot;:&quot;no&quot;,&quot;_ob_poopart_use&quot;:&quot;yes&quot;,&quot;_ob_shadough_use&quot;:&quot;no&quot;,&quot;_ob_allow_hoveranimator&quot;:&quot;no&quot;,&quot;_ob_widget_stalker_use&quot;:&quot;no&quot;}\" data-widget_type=\"image-box.default\">\n\t\t\t\t<div class=\"elementor-widget-container\">\n\t\t\t\t\t<div class=\"elementor-image-box-wrapper\"><figure class=\"elementor-image-box-img\"><a href=\"\/de\/apartament\/\" tabindex=\"-1\"><img decoding=\"async\" width=\"741\" height=\"493\" src=\"https:\/\/baltic-center.com\/wp-content\/uploads\/2023\/04\/apartament.jpg\" class=\"attachment-full size-full wp-image-748\" alt=\"\" srcset=\"https:\/\/baltic-center.com\/wp-content\/uploads\/2023\/04\/apartament.jpg 741w, https:\/\/baltic-center.com\/wp-content\/uploads\/2023\/04\/apartament-600x399.jpg 600w\" sizes=\"(max-width: 741px) 100vw, 741px\" \/><\/a><\/figure><div class=\"elementor-image-box-content\"><h5 class=\"elementor-image-box-title\"><a href=\"\/de\/apartament\/\">Appartment<\/a><\/h5><\/div><\/div>\t\t\t\t<\/div>\n\t\t\t\t<\/div>\n\t\t\t\t\t<\/div>\n\t\t<\/div>\n\t\t\t\t<div class=\"elementor-column elementor-col-33 elementor-top-column elementor-element elementor-element-0f41ca4\" data-id=\"0f41ca4\" data-element_type=\"column\" data-settings=\"{&quot;_ob_bbad_is_stalker&quot;:&quot;no&quot;,&quot;_ob_teleporter_use&quot;:false,&quot;_ob_column_hoveranimator&quot;:&quot;no&quot;,&quot;_ob_column_has_pseudo&quot;:&quot;no&quot;}\">\n\t\t\t<div class=\"elementor-widget-wrap elementor-element-populated\">\n\t\t\t\t\t\t<div class=\"elementor-element elementor-element-bfa4cec underline-title link-hover elementor-position-top ob-has-background-overlay elementor-widget elementor-widget-image-box\" data-id=\"bfa4cec\" data-element_type=\"widget\" data-settings=\"{&quot;_ob_perspektive_use&quot;:&quot;no&quot;,&quot;_ob_poopart_use&quot;:&quot;yes&quot;,&quot;_ob_shadough_use&quot;:&quot;no&quot;,&quot;_ob_allow_hoveranimator&quot;:&quot;no&quot;,&quot;_ob_widget_stalker_use&quot;:&quot;no&quot;}\" data-widget_type=\"image-box.default\">\n\t\t\t\t<div class=\"elementor-widget-container\">\n\t\t\t\t\t<div class=\"elementor-image-box-wrapper\"><figure class=\"elementor-image-box-img\"><a href=\"\/de\/oferty-i-cenniki\/\" tabindex=\"-1\"><img decoding=\"async\" width=\"2560\" height=\"1730\" src=\"https:\/\/baltic-center.com\/wp-content\/uploads\/2023\/04\/Oferty-i-cennik-scaled.jpg\" class=\"attachment-full size-full wp-image-215\" alt=\"\" srcset=\"https:\/\/baltic-center.com\/wp-content\/uploads\/2023\/04\/Oferty-i-cennik-scaled.jpg 2560w, https:\/\/baltic-center.com\/wp-content\/uploads\/2023\/04\/Oferty-i-cennik-600x406.jpg 600w, https:\/\/baltic-center.com\/wp-content\/uploads\/2023\/04\/Oferty-i-cennik-1200x811.jpg 1200w, https:\/\/baltic-center.com\/wp-content\/uploads\/2023\/04\/Oferty-i-cennik-768x519.jpg 768w, https:\/\/baltic-center.com\/wp-content\/uploads\/2023\/04\/Oferty-i-cennik-1536x1038.jpg 1536w, https:\/\/baltic-center.com\/wp-content\/uploads\/2023\/04\/Oferty-i-cennik-2048x1384.jpg 2048w\" sizes=\"(max-width: 2560px) 100vw, 2560px\" \/><\/a><\/figure><div class=\"elementor-image-box-content\"><h5 class=\"elementor-image-box-title\"><a href=\"\/de\/oferty-i-cenniki\/\">Angebote &amp; Preise<\/a><\/h5><\/div><\/div>\t\t\t\t<\/div>\n\t\t\t\t<\/div>\n\t\t\t\t\t<\/div>\n\t\t<\/div>\n\t\t\t\t\t<\/div>\n\t\t<\/section>\n\t\t\t\t<\/div>","protected":false},"excerpt":{"rendered":"<p>Bungalowy wolnostoj\u0105ce W naturalnym przestrzennym otoczeniu z naszymi wolnostoj\u0105cymi domkami oferujemy pa\u0144stwu mo\u017cliwo\u015b\u0107 odpr\u0119\u017cenia relaksu by\u0107 sam dla siebie albo spedzi\u0107\u0119 czas rodzin\u0105, b\u0105d\u017c przyjaci\u00f3\u0142mi, wi\u0119c s ludzmi kt\u00f3rzy wzbogacaj\u0105 nasze \u017cycie. bungalowy Apartament Oferty i cenniki<\/p>","protected":false},"author":1,"featured_media":0,"parent":0,"menu_order":0,"comment_status":"closed","ping_status":"closed","template":"","meta":{"footnotes":""},"class_list":["post-89","page","type-page","status-publish","hentry"],"acf":[],"yoast_head":"<!-- This site is optimized with the Yoast SEO plugin v24.7 - https:\/\/yoast.com\/wordpress\/plugins\/seo\/ -->\n<title>Noclegi - Baltic Center Domki Sarbinowo<\/title>\n<meta name=\"robots\" content=\"index, follow, max-snippet:-1, max-image-preview:large, max-video-preview:-1\" \/>\n<link rel=\"canonical\" href=\"https:\/\/baltic-center.com\/de\/noclegi\/\" \/>\n<meta property=\"og:locale\" content=\"de_DE\" \/>\n<meta property=\"og:type\" content=\"article\" \/>\n<meta property=\"og:title\" content=\"Noclegi - Baltic Center Domki Sarbinowo\" \/>\n<meta property=\"og:description\" content=\"Bungalowy wolnostoj\u0105ce W naturalnym przestrzennym otoczeniu z naszymi wolnostoj\u0105cymi domkami oferujemy pa\u0144stwu mo\u017cliwo\u015b\u0107 odpr\u0119\u017cenia relaksu by\u0107 sam dla siebie albo spedzi\u0107\u0119 czas rodzin\u0105, b\u0105d\u017c przyjaci\u00f3\u0142mi, wi\u0119c s ludzmi kt\u00f3rzy wzbogacaj\u0105 nasze \u017cycie. bungalowy Apartament Oferty i cenniki\" \/>\n<meta property=\"og:url\" content=\"https:\/\/baltic-center.com\/de\/noclegi\/\" \/>\n<meta property=\"og:site_name\" content=\"Baltic Center Domki Sarbinowo\" \/>\n<meta property=\"article:modified_time\" content=\"2023-04-21T11:42:56+00:00\" \/>\n<meta property=\"og:image\" content=\"http:\/\/baltic-center.com\/wp-content\/uploads\/2023\/04\/1-1-scaled.jpg\" \/>\n<meta name=\"twitter:card\" content=\"summary_large_image\" \/>\n<meta name=\"twitter:label1\" content=\"Gesch\u00e4tzte Lesezeit\" \/>\n\t<meta name=\"twitter:data1\" content=\"1 Minute\" \/>\n<script type=\"application\/ld+json\" class=\"yoast-schema-graph\">{\"@context\":\"https:\/\/schema.org\",\"@graph\":[{\"@type\":\"WebPage\",\"@id\":\"https:\/\/baltic-center.com\/noclegi\/\",\"url\":\"https:\/\/baltic-center.com\/noclegi\/\",\"name\":\"Noclegi - Baltic Center Domki Sarbinowo\",\"isPartOf\":{\"@id\":\"https:\/\/baltic-center.com\/#website\"},\"primaryImageOfPage\":{\"@id\":\"https:\/\/baltic-center.com\/noclegi\/#primaryimage\"},\"image\":{\"@id\":\"https:\/\/baltic-center.com\/noclegi\/#primaryimage\"},\"thumbnailUrl\":\"http:\/\/baltic-center.com\/wp-content\/uploads\/2023\/04\/1-1-scaled.jpg\",\"datePublished\":\"2023-03-28T12:34:19+00:00\",\"dateModified\":\"2023-04-21T11:42:56+00:00\",\"breadcrumb\":{\"@id\":\"https:\/\/baltic-center.com\/noclegi\/#breadcrumb\"},\"inLanguage\":\"de\",\"potentialAction\":[{\"@type\":\"ReadAction\",\"target\":[\"https:\/\/baltic-center.com\/noclegi\/\"]}]},{\"@type\":\"ImageObject\",\"inLanguage\":\"de\",\"@id\":\"https:\/\/baltic-center.com\/noclegi\/#primaryimage\",\"url\":\"http:\/\/baltic-center.com\/wp-content\/uploads\/2023\/04\/1-1-scaled.jpg\",\"contentUrl\":\"http:\/\/baltic-center.com\/wp-content\/uploads\/2023\/04\/1-1-scaled.jpg\"},{\"@type\":\"BreadcrumbList\",\"@id\":\"https:\/\/baltic-center.com\/noclegi\/#breadcrumb\",\"itemListElement\":[{\"@type\":\"ListItem\",\"position\":1,\"name\":\"Strona g\u0142\u00f3wna\",\"item\":\"https:\/\/baltic-center.com\/\"},{\"@type\":\"ListItem\",\"position\":2,\"name\":\"Noclegi\"}]},{\"@type\":\"WebSite\",\"@id\":\"https:\/\/baltic-center.com\/#website\",\"url\":\"https:\/\/baltic-center.com\/\",\"name\":\"Baltic Center Domki Sarbinowo\",\"description\":\"Zapraszamy do naszych domk&oacute;w na pi\u0119knym wybrze\u017cu Morza Ba\u0142tyckiego w Sarbinowie\",\"potentialAction\":[{\"@type\":\"SearchAction\",\"target\":{\"@type\":\"EntryPoint\",\"urlTemplate\":\"https:\/\/baltic-center.com\/?s={search_term_string}\"},\"query-input\":{\"@type\":\"PropertyValueSpecification\",\"valueRequired\":true,\"valueName\":\"search_term_string\"}}],\"inLanguage\":\"de\"}]}<\/script>\n<!-- \/ Yoast SEO plugin. -->","yoast_head_json":{"title":"Noclegi - Baltic Center Domki Sarbinowo","robots":{"index":"index","follow":"follow","max-snippet":"max-snippet:-1","max-image-preview":"max-image-preview:large","max-video-preview":"max-video-preview:-1"},"canonical":"https:\/\/baltic-center.com\/de\/noclegi\/","og_locale":"de_DE","og_type":"article","og_title":"Noclegi - Baltic Center Domki Sarbinowo","og_description":"Bungalowy wolnostoj\u0105ce W naturalnym przestrzennym otoczeniu z naszymi wolnostoj\u0105cymi domkami oferujemy pa\u0144stwu mo\u017cliwo\u015b\u0107 odpr\u0119\u017cenia relaksu by\u0107 sam dla siebie albo spedzi\u0107\u0119 czas rodzin\u0105, b\u0105d\u017c przyjaci\u00f3\u0142mi, wi\u0119c s ludzmi kt\u00f3rzy wzbogacaj\u0105 nasze \u017cycie. bungalowy Apartament Oferty i cenniki","og_url":"https:\/\/baltic-center.com\/de\/noclegi\/","og_site_name":"Baltic Center Domki Sarbinowo","article_modified_time":"2023-04-21T11:42:56+00:00","og_image":[{"url":"http:\/\/baltic-center.com\/wp-content\/uploads\/2023\/04\/1-1-scaled.jpg","type":"","width":"","height":""}],"twitter_card":"summary_large_image","twitter_misc":{"Gesch\u00e4tzte Lesezeit":"1 Minute"},"schema":{"@context":"https:\/\/schema.org","@graph":[{"@type":"WebPage","@id":"https:\/\/baltic-center.com\/noclegi\/","url":"https:\/\/baltic-center.com\/noclegi\/","name":"Noclegi - Baltic Center Domki Sarbinowo","isPartOf":{"@id":"https:\/\/baltic-center.com\/#website"},"primaryImageOfPage":{"@id":"https:\/\/baltic-center.com\/noclegi\/#primaryimage"},"image":{"@id":"https:\/\/baltic-center.com\/noclegi\/#primaryimage"},"thumbnailUrl":"http:\/\/baltic-center.com\/wp-content\/uploads\/2023\/04\/1-1-scaled.jpg","datePublished":"2023-03-28T12:34:19+00:00","dateModified":"2023-04-21T11:42:56+00:00","breadcrumb":{"@id":"https:\/\/baltic-center.com\/noclegi\/#breadcrumb"},"inLanguage":"de","potentialAction":[{"@type":"ReadAction","target":["https:\/\/baltic-center.com\/noclegi\/"]}]},{"@type":"ImageObject","inLanguage":"de","@id":"https:\/\/baltic-center.com\/noclegi\/#primaryimage","url":"http:\/\/baltic-center.com\/wp-content\/uploads\/2023\/04\/1-1-scaled.jpg","contentUrl":"http:\/\/baltic-center.com\/wp-content\/uploads\/2023\/04\/1-1-scaled.jpg"},{"@type":"BreadcrumbList","@id":"https:\/\/baltic-center.com\/noclegi\/#breadcrumb","itemListElement":[{"@type":"ListItem","position":1,"name":"Strona g\u0142\u00f3wna","item":"https:\/\/baltic-center.com\/"},{"@type":"ListItem","position":2,"name":"Noclegi"}]},{"@type":"WebSite","@id":"https:\/\/baltic-center.com\/#website","url":"https:\/\/baltic-center.com\/","name":"Baltic Center Domki Sarbinowo","description":"Zapraszamy do naszych domk&oacute;w na pi\u0119knym wybrze\u017cu Morza Ba\u0142tyckiego w Sarbinowie","potentialAction":[{"@type":"SearchAction","target":{"@type":"EntryPoint","urlTemplate":"https:\/\/baltic-center.com\/?s={search_term_string}"},"query-input":{"@type":"PropertyValueSpecification","valueRequired":true,"valueName":"search_term_string"}}],"inLanguage":"de"}]}},"_links":{"self":[{"href":"https:\/\/baltic-center.com\/de\/wp-json\/wp\/v2\/pages\/89","targetHints":{"allow":["GET"]}}],"collection":[{"href":"https:\/\/baltic-center.com\/de\/wp-json\/wp\/v2\/pages"}],"about":[{"href":"https:\/\/baltic-center.com\/de\/wp-json\/wp\/v2\/types\/page"}],"author":[{"embeddable":true,"href":"https:\/\/baltic-center.com\/de\/wp-json\/wp\/v2\/users\/1"}],"replies":[{"embeddable":true,"href":"https:\/\/baltic-center.com\/de\/wp-json\/wp\/v2\/comments?post=89"}],"version-history":[{"count":24,"href":"https:\/\/baltic-center.com\/de\/wp-json\/wp\/v2\/pages\/89\/revisions"}],"predecessor-version":[{"id":825,"href":"https:\/\/baltic-center.com\/de\/wp-json\/wp\/v2\/pages\/89\/revisions\/825"}],"wp:attachment":[{"href":"https:\/\/baltic-center.com\/de\/wp-json\/wp\/v2\/media?parent=89"}],"curies":[{"name":"wp","href":"https:\/\/api.w.org\/{rel}","templated":true}]}}